{"id":8549,"date":"2021-07-19T13:10:06","date_gmt":"2021-07-19T11:10:06","guid":{"rendered":"exploore.sysvol.hu"},"modified":"2021-09-10T06:40:03","modified_gmt":"2021-09-10T04:40:03","slug":"fizetesi-tajekoztato","status":"publish","type":"page","link":"https:\/\/dominikaneked.hu\/cs\/fizetesi-tajekoztato\/","title":{"rendered":"Platebn\u00ed informace"},"content":{"rendered":"<p>V sou\u010dasn\u00e9 dob\u011b si m\u016f\u017eete vybrat z n\u00e1sleduj\u00edc\u00edch zp\u016fsob\u016f platby:<\/p>\n<h3>Platba kreditn\u00ed kartou:<\/h3>\n<p>Platbu kreditn\u00ed kartou na na\u0161ich str\u00e1nk\u00e1ch zaji\u0161\u0165uje spole\u010dnost Trust My Travel.<\/p>\n<p>V na\u0161em internetov\u00e9m obchod\u011b m\u016f\u017eete platit kreditn\u00ed kartou a pohodln\u011b a bezpe\u010dn\u011b nakupovat. Po objedn\u00e1n\u00ed vybran\u00fdch slu\u017eeb bude z\u00e1kazn\u00edk p\u0159esm\u011brov\u00e1n na platebn\u00ed rozhran\u00ed Trust My Travel, kde m\u016f\u017ee zaplatit svou kreditn\u00ed kartou prost\u0159ednictv\u00edm nejbezpe\u010dn\u011bj\u0161\u00ed \u0161ifrovan\u00e9 transakce, kter\u00e1 je v sou\u010dasn\u00e9 dob\u011b k dispozici. Sta\u010d\u00ed, kdy\u017e na\u0161i z\u00e1kazn\u00edci p\u0159i v\u00fdb\u011bru zp\u016fsobu platby kliknou na \"platit kreditn\u00ed kartou\" a pot\u00e9 na platebn\u00edm serveru Trust My Travel zadaj\u00ed jm\u00e9no z\u00e1kazn\u00edka, \u010d\u00edslo karty, datum platnosti a t\u0159\u00edm\u00edstn\u00fd bezpe\u010dnostn\u00ed k\u00f3d. P\u0159ij\u00edm\u00e1me karty VISA, MasterCard, Maestro.  Ov\u011b\u0159te si u sv\u00e9 banky, zda lze va\u0161i kartu pou\u017e\u00edvat k n\u00e1kup\u016fm online. Po \u00fasp\u011b\u0161n\u00e9m n\u00e1kupu v\u00e1m Trust My Travel za\u0161le potvrzen\u00ed o transakci nebo chybovou zpr\u00e1vu, pokud se transakce nezda\u0159\u00ed.<\/p>\n<p>Beru na v\u011bdom\u00ed, \u017ee n\u00e1sleduj\u00edc\u00ed osobn\u00ed \u00fadaje ulo\u017een\u00e9 spr\u00e1vcem \u00fadaj\u016f Go Dominican Vacations SLR v jeho u\u017eivatelsk\u00e9 datab\u00e1zi budou p\u0159ed\u00e1ny spole\u010dnosti Trust My Travel jako zpracovateli \u00fadaj\u016f. Spr\u00e1vce \u00fadaj\u016f p\u0159ed\u00e1v\u00e1 tyto \u00fadaje: jm\u00e9no, p\u0159\u00edjmen\u00ed, k\u0159estn\u00ed jm\u00e9no, zem\u011b, telefonn\u00ed \u010d\u00edslo, e-mailov\u00e1 adresa.<\/p>\n<p>Povahu a \u00fa\u010del \u010dinnost\u00ed zpracov\u00e1n\u00ed \u00fadaj\u016f prov\u00e1d\u011bn\u00fdch zpracovatelem \u00fadaj\u016f naleznete v ozn\u00e1men\u00ed Trust My Travel na n\u00ed\u017ee uveden\u00e9m odkazu:\u00a0<a href=\"http:\/\/simplepay.hu\/vasarlo-aff\">https:\/\/trustprotects.me\/about-us\/<\/a><\/p>\n<h3>Bankovn\u00ed p\u0159evod:<\/h3>\n<p>Objedn\u00e1vku m\u016f\u017eete zaplatit tak\u00e9 bankovn\u00edm p\u0159evodem p\u0159ed jej\u00edm vy\u0159\u00edzen\u00edm. Z\u00e1lohov\u00e1 faktura bude zasl\u00e1na e-mailem. Je d\u016fle\u017eit\u00e9, aby \u010d\u00edslo objedn\u00e1vky bylo uvedeno v poli pro koment\u00e1\u0159 k p\u0159evodu. Celkov\u00e1 \u010d\u00e1stka p\u0159\u00edkazu bankovn\u00edm p\u0159evodem prost\u0159ednictv\u00edm zahrani\u010dn\u00ed banky by m\u011bla b\u00fdt vypo\u010dtena a p\u0159evedena podle n\u00e1kupn\u00edho kurzu MNB dan\u00e9ho dne.<\/p>\n<p>Pokud kupuj\u00edc\u00ed \u00fastn\u011b nebo p\u00edsemn\u011b prohl\u00e1s\u00ed, \u017ee nem\u00e1 DI\u010c nebo \u017ee v r\u00e1mci pln\u011bn\u00ed nevystupuje jako osoba povinn\u00e1 k dani pro \u00fa\u010dely DPH, a proto DI\u010c pro fakturaci neuvede, nemus\u00ed faktura obsahovat DI\u010c kupuj\u00edc\u00edho.<\/p>\n<p>V p\u0159\u00edpad\u011b n\u00e1kupu bankovn\u00edm p\u0159evodem je objedn\u00e1vka pova\u017eov\u00e1na za p\u0159ijatou, pokud je kupn\u00ed cena slu\u017eby (slu\u017eeb) p\u0159evedena nejpozd\u011bji do 24 hodin od pod\u00e1n\u00ed objedn\u00e1vky. Zpracov\u00e1n\u00ed p\u0159\u00edchoz\u00edch p\u0159evod\u016f trv\u00e1 2-3 pracovn\u00ed dny. Slu\u017eba bude poskytnuta a\u017e po p\u0159ips\u00e1n\u00ed zaplacen\u00e9 \u010d\u00e1stky a zpracov\u00e1n\u00ed platby. Pokud se jm\u00e9no osoby prov\u00e1d\u011bj\u00edc\u00ed p\u0159evod li\u0161\u00ed od jm\u00e9na z\u00e1kazn\u00edka, mus\u00ed b\u00fdt tato skute\u010dnost uvedena v komunika\u010dn\u00edm poli spolu s identifika\u010dn\u00edm \u010d\u00edslem. Pokud nebude celkov\u00e1 \u010d\u00e1stka objedn\u00e1vky p\u0159ips\u00e1na na n\u00e1\u0161 bankovn\u00ed \u00fa\u010det do 5 dn\u016f, bude objedn\u00e1vka automaticky zru\u0161ena z na\u0161eho syst\u00e9mu. Zpracov\u00e1n\u00ed slu\u017eby bude zah\u00e1jeno a\u017e po dokon\u010den\u00ed platebn\u00ed transakce.<\/p>","protected":false},"excerpt":{"rendered":"<p>Informace o mo\u017enostech platby na na\u0161ich webov\u00fdch str\u00e1nk\u00e1ch.<\/p>","protected":false},"author":12,"featured_media":0,"parent":0,"menu_order":24,"comment_status":"closed","ping_status":"closed","template":"","meta":{"_seopress_robots_primary_cat":"","_seopress_titles_title":"","_seopress_titles_desc":"","_seopress_robots_index":"","footnotes":""},"class_list":["post-8549","page","type-page","status-publish","hentry"],"_links":{"self":[{"href":"https:\/\/dominikaneked.hu\/cs\/wp-json\/wp\/v2\/pages\/8549","targetHints":{"allow":["GET"]}}],"collection":[{"href":"https:\/\/dominikaneked.hu\/cs\/wp-json\/wp\/v2\/pages"}],"about":[{"href":"https:\/\/dominikaneked.hu\/cs\/wp-json\/wp\/v2\/types\/page"}],"author":[{"embeddable":true,"href":"https:\/\/dominikaneked.hu\/cs\/wp-json\/wp\/v2\/users\/12"}],"replies":[{"embeddable":true,"href":"https:\/\/dominikaneked.hu\/cs\/wp-json\/wp\/v2\/comments?post=8549"}],"version-history":[{"count":0,"href":"https:\/\/dominikaneked.hu\/cs\/wp-json\/wp\/v2\/pages\/8549\/revisions"}],"wp:attachment":[{"href":"https:\/\/dominikaneked.hu\/cs\/wp-json\/wp\/v2\/media?parent=8549"}],"curies":[{"name":"wp","href":"https:\/\/api.w.org\/{rel}","templated":true}]}}