{"id":8390,"date":"2021-06-12T16:16:48","date_gmt":"2021-06-12T14:16:48","guid":{"rendered":"exploore.sysvol.hu"},"modified":"2021-09-10T06:33:59","modified_gmt":"2021-09-10T04:33:59","slug":"aszf","status":"publish","type":"page","link":"https:\/\/dominikaneked.hu\/cs\/aszf\/","title":{"rendered":"GTC"},"content":{"rendered":"<div class=\"wpb-content-wrapper\"><div class=\"vc_row wpb_row vc_row-fluid\"><div class=\"wpb_column vc_column_container vc_col-sm-12\"><div class=\"vc_column-inner\"><div class=\"wpb_wrapper\">\n\t<div class=\"wpb_text_column wpb_content_element\" >\n\t\t<div class=\"wpb_wrapper\">\n\t\t\t<p>Tyto v\u0161eobecn\u00e9 obchodn\u00ed podm\u00ednky (\"VOP\") obsahuj\u00ed v\u0161eobecn\u00e9 podm\u00ednky pro pou\u017e\u00edv\u00e1n\u00ed internetov\u00e9ho obchodu, kter\u00fd provozuje spole\u010dnost Go Dominican Vacations EA SRL, se s\u00eddlem na adrese Calle Pablo Neruda 9, Villa Ana Maria, Sos\u00faa, Dominik\u00e1nsk\u00e1 republika, DI\u010c:132-04861-1, jako poskytovatel slu\u017eeb (\"poskytovatel slu\u017eeb\"). Vyu\u017e\u00edvejte na\u0161e slu\u017eby pouze v p\u0159\u00edpad\u011b, \u017ee souhlas\u00edte se v\u0161emi jej\u00edmi body a pova\u017eujete se jimi za v\u00e1zan\u00e9. Tento dokument se neskl\u00e1d\u00e1, je uzav\u0159en pouze v elektronick\u00e9 podob\u011b (nep\u0159edstavuje p\u00edsemnou smlouvu) a neodkazuje na kodex chov\u00e1n\u00ed.<\/p>\n<p>VOP si m\u016f\u017eete st\u00e1hnout z n\u00e1sleduj\u00edc\u00edho odkazu: [dkpdf-button].<\/p>\n\n\t\t<\/div>\n\t<\/div>\n\n\t<div class=\"wpb_text_column wpb_content_element\" >\n\t\t<div class=\"wpb_wrapper\">\n\t\t\t<h2>\u00dadaje o poskytovateli slu\u017eeb<\/h2>\n<p>N\u00e1zev poskytovatele slu\u017eeb: Go Dominican Vacations EA SRL<\/p>\n<p>Poskytovatel slu\u017eeb se nach\u00e1z\u00ed na adrese Calle Pablo Neruda 9, Villa Ana Maria, Sos\u00faa.<\/p>\n<p>Kontaktn\u00ed \u00fadaje poskytovatele slu\u017eeb, e-mailov\u00e1 adresa pravideln\u011b pou\u017e\u00edvan\u00e1 ke kontaktov\u00e1n\u00ed u\u017eivatel\u016f:<a href=\"mailto:info@godominicanvacations.com\">info@godominicanvacations.com<\/a><\/p>\n<p>Registra\u010dn\u00ed \u010d\u00edslo spole\u010dnosti:24016-PP<\/p>\n<p>Da\u0148ov\u00e9 \u010d\u00edslo:132-04861-1<\/p>\n<p>N\u00e1zev registruj\u00edc\u00edho org\u00e1nu (obchodn\u00ed rejst\u0159\u00edk):C\u00e1mara de Comercio y Producci\u00f3n de Puerto Plata<\/p>\n<p>Telefonn\u00ed \u010d\u00edsla:+1 809 870 5607<\/p>\n<p>\u010c\u00edslo licence:220\/2200<\/p>\n<p>Jazyk smlouvy: ma\u010far\u0161tina<\/p>\n<p>Podrobnosti o poskytovateli hostingu:<a href=\"https:\/\/rackforest.com\">https:\/\/rackforest.com<\/a><\/p>\n\n\t\t<\/div>\n\t<\/div>\n\n\t<div class=\"wpb_text_column wpb_content_element\" >\n\t\t<div class=\"wpb_wrapper\">\n\t\t\t<h2>Z\u00e1kladn\u00ed ustanoven\u00ed<\/h2>\n<p>1.1 Ot\u00e1zky neupraven\u00e9 t\u011bmito pravidly a v\u00fdklad t\u011bchto pravidel se \u0159\u00edd\u00ed ma\u010farsk\u00fdm pr\u00e1vem, zejm\u00e9na s ohledem na p\u0159\u00edslu\u0161n\u00e1 ustanoven\u00ed z\u00e1kona V z roku 2013 o ob\u010dansk\u00e9m z\u00e1kon\u00edku (\"ob\u010dansk\u00fd z\u00e1kon\u00edk\") a z\u00e1kona CVIII z roku 2001 o n\u011bkter\u00fdch ot\u00e1zk\u00e1ch slu\u017eeb elektronick\u00e9ho obchodu a slu\u017eeb informa\u010dn\u00ed spole\u010dnosti. Kogentn\u00ed ustanoven\u00ed p\u0159\u00edslu\u0161n\u00fdch pr\u00e1vn\u00edch p\u0159edpis\u016f se na strany vztahuj\u00ed bez zvl\u00e1\u0161tn\u00edch ustanoven\u00ed.<\/p>\n<p>1.2 Rozsah p\u016fsobnosti, zm\u011bna VOP.<\/p>\n<p>1.3. Autorskopr\u00e1vn\u00ed ochrana internetov\u00e9ho obchodu jako autorsk\u00e9ho d\u00edla, pozor.<\/p>\n<p>1.4. Dostupnost.<\/p>\n\n\t\t<\/div>\n\t<\/div>\n\n\t<div class=\"wpb_text_column wpb_content_element\" >\n\t\t<div class=\"wpb_wrapper\">\n\t\t\t<h2>Pravidla pro spr\u00e1vu dat<\/h2>\n<p>1.5. V ozn\u00e1men\u00ed o ochran\u011b osobn\u00edch \u00fadaj\u016f mus\u00ed b\u00fdt uvedeny kontaktn\u00ed \u00fadaje v\u010detn\u011b registra\u010dn\u00edho \u010d\u00edsla pro ochranu osobn\u00edch \u00fadaj\u016f.<\/p>\n\n\t\t<\/div>\n\t<\/div>\n\n\t<div class=\"wpb_text_column wpb_content_element\" >\n\t\t<div class=\"wpb_wrapper\">\n\t\t\t<h2>Produkty a slu\u017eby, kter\u00e9 lze zakoupit<\/h2>\n<p>1.6 Mus\u00ed b\u00fdt uvedeno, zda lze vystaven\u00e9 produkty zakoupit pouze online nebo osobn\u011b. Zda v\u00fdrobky zahrnuj\u00ed DPH. Zahrnuj\u00ed n\u00e1klady na doru\u010den\u00ed nebo baln\u00e9.<\/p>\n<p>1.7. Poskytovatel slu\u017eeb v internetov\u00e9m obchod\u011b podrobn\u011b zobraz\u00ed n\u00e1zev a popis v\u00fdrobku a zobraz\u00ed fotografii v\u00fdrobku. Obr\u00e1zky zobrazen\u00e9 na produktov\u00fdch listech se mohou li\u0161it od skute\u010dn\u00fdch, v n\u011bkter\u00fdch p\u0159\u00edpadech jsou pou\u017eity jako ilustrace.<\/p>\n<p>1.8 Pokud je zavedena ak\u010dn\u00ed cena, poskytovatel slu\u017eeb pln\u011b informuje u\u017eivatele o dob\u011b trv\u00e1n\u00ed akce.<\/p>\n\n\t\t<\/div>\n\t<\/div>\n\n\t<div class=\"wpb_text_column wpb_content_element\" >\n\t\t<div class=\"wpb_wrapper\">\n\t\t\t<h2>Jak objednat<\/h2>\n<p>1.9. Podrobn\u00fd popis procesu objedn\u00e1vky od p\u0159ihl\u00e1\u0161en\u00ed a\u017e po p\u0159id\u00e1n\u00ed produktu do n\u00e1kupn\u00edho ko\u0161\u00edku.<\/p>\n<p>1.10. Mo\u017enosti opravy chyb p\u0159i zad\u00e1v\u00e1n\u00ed \u00fadaj\u016f (nap\u0159. produkt nav\u00edc, odstran\u011bn\u00ed produktu, kontrola ceny atd.)<\/p>\n<p>1.11. Mo\u017enosti platby, popis zp\u016fsob\u016f doru\u010den\u00ed<\/p>\n<p>1.12. Internetov\u00fd obchod poskytovatele slu\u017eeb je povinen neprodlen\u011b potvrdit u\u017eivateli p\u0159ijet\u00ed jeho objedn\u00e1vky elektronick\u00fdmi prost\u0159edky. Pokud u\u017eivatel toto potvrzen\u00ed neobdr\u017e\u00ed v p\u0159im\u011b\u0159en\u00e9 lh\u016ft\u011b v z\u00e1vislosti na povaze slu\u017eby, nejpozd\u011bji v\u0161ak do 48 hodin od odesl\u00e1n\u00ed objedn\u00e1vky u\u017eivatele, je zpro\u0161t\u011bn povinnosti u\u010dinit nab\u00eddku nebo smluvn\u00edho z\u00e1vazku. Strany se mohou od v\u00fd\u0161e uveden\u00fdch pravidel odch\u00fdlit, pokud se na tom dohodnou.<\/p>\n\n\t\t<\/div>\n\t<\/div>\n\n\t<div class=\"wpb_text_column wpb_content_element\" >\n\t\t<div class=\"wpb_wrapper\">\n\t\t\t<h2>Zpracov\u00e1n\u00ed a pln\u011bn\u00ed objedn\u00e1vek<\/h2>\n<p>1.13. Kdy se zpracov\u00e1vaj\u00ed objedn\u00e1vky<\/p>\n<p>1.14. obecn\u00e1 lh\u016fta pro pln\u011bn\u00ed, do x pracovn\u00edch dn\u016f od potvrzen\u00ed. Pokud se poskytovatel slu\u017eeb a u\u017eivatel nedohodli na dob\u011b pln\u011bn\u00ed, je poskytovatel slu\u017eeb povinen splnit smlouvu v dob\u011b nebo term\u00ednu uveden\u00e9m v \u017e\u00e1dosti u\u017eivatele, nebo pokud \u017e\u00e1dost neexistuje, nejpozd\u011bji do 30 dn\u016f od p\u0159ijet\u00ed objedn\u00e1vky poskytovatelem slu\u017eeb.<\/p>\n<p>1.15. Pokud poskytovatel slu\u017eeb nespln\u00ed sv\u00e9 smluvn\u00ed povinnosti, proto\u017ee produkt uveden\u00fd ve smlouv\u011b nen\u00ed k dispozici, neprodlen\u011b o tom informuje u\u017eivatele a vr\u00e1t\u00ed mu zaplacenou \u010d\u00e1stku bezodkladn\u011b, nejpozd\u011bji v\u0161ak do t\u0159iceti dn\u016f. Spln\u011bn\u00ed t\u00e9to povinnosti nezbavuje poskytovatele slu\u017eeb jak\u00fdchkoli jin\u00fdch d\u016fsledk\u016f poru\u0161en\u00ed smlouvy.<\/p>\n\n\t\t<\/div>\n\t<\/div>\n\n\t<div class=\"wpb_text_column wpb_content_element\" >\n\t\t<div class=\"wpb_wrapper\">\n\t\t\t<h2>Vy\u0159izov\u00e1n\u00ed st\u00ed\u017enost\u00ed<\/h2>\n<p>1.16. Internetov\u00fd obchod mus\u00ed spot\u0159ebitele informovat o sv\u00e9m s\u00eddle, o m\u00edst\u011b vy\u0159izov\u00e1n\u00ed st\u00ed\u017enost\u00ed, pokud se li\u0161\u00ed od m\u00edsta distribuce nebo prodeje, a o zp\u016fsobu p\u0159izp\u016fsoben\u00e9m specifick\u00fdm vlastnostem \u010dinnosti, obchodn\u00ed form\u011b nebo zp\u016fsobu, jako\u017e i o po\u0161tovn\u00ed adrese, a pokud spole\u010dnost p\u0159ij\u00edm\u00e1 st\u00ed\u017enosti i t\u00edmto zp\u016fsobem, o e-mailov\u00e9 adrese a internetov\u00e9 adrese a telefonn\u00edm \u010d\u00edsle spole\u010dnosti nebo z\u00e1kaznick\u00e9ho servisu spole\u010dnosti pro \u00fa\u010dely sd\u011blov\u00e1n\u00ed st\u00ed\u017enost\u00ed.<\/p>\n\n\t\t<\/div>\n\t<\/div>\n\n\t<div class=\"wpb_text_column wpb_content_element\" >\n\t\t<div class=\"wpb_wrapper\">\n\t\t\t<h2>R\u016fzn\u00e1 ustanoven\u00ed<\/h2>\n<p>1.17. Poskytovatel slu\u017eeb a u\u017eivatel se budou sna\u017eit \u0159e\u0161it sv\u00e9 spory sm\u00edrnou cestou.<\/p>\n<p>Sos\u00faa, 2021.08.26.<\/p>\n\n\t\t<\/div>\n\t<\/div>\n<\/div><\/div><\/div><\/div>\n<\/div>","protected":false},"excerpt":{"rendered":"Tyto v\u0161eobecn\u00e9 obchodn\u00ed podm\u00ednky (\"VOP\") obsahuj\u00ed v\u0161eobecn\u00e9 podm\u00ednky pro pou\u017e\u00edv\u00e1n\u00ed internetov\u00e9ho obchodu, kter\u00fd provozuje spole\u010dnost Go Dominican Vacations EA SRL, se s\u00eddlem na adrese Calle Pablo Neruda 9, Villa Ana Maria, Sos\u00faa, Dominik\u00e1nsk\u00e1 republika, DI\u010c:132-04861-1, jako poskytovatel slu\u017eeb (\"poskytovatel slu\u017eeb\"). Vyu\u017e\u00edvejte pros\u00edm na\u0161e slu\u017eby pouze v p\u0159\u00edpad\u011b, \u017ee souhlas\u00edte se v\u0161emi jeho body a pova\u017eujete se jimi za v\u00e1zan\u00e9. Tento dokument nebude pou\u017eit [...]","protected":false},"author":12,"featured_media":0,"parent":0,"menu_order":17,"comment_status":"closed","ping_status":"closed","template":"","meta":{"_seopress_robots_primary_cat":"","_seopress_titles_title":"","_seopress_titles_desc":"","_seopress_robots_index":"","footnotes":""},"class_list":["post-8390","page","type-page","status-publish","hentry"],"_links":{"self":[{"href":"https:\/\/dominikaneked.hu\/cs\/wp-json\/wp\/v2\/pages\/8390","targetHints":{"allow":["GET"]}}],"collection":[{"href":"https:\/\/dominikaneked.hu\/cs\/wp-json\/wp\/v2\/pages"}],"about":[{"href":"https:\/\/dominikaneked.hu\/cs\/wp-json\/wp\/v2\/types\/page"}],"author":[{"embeddable":true,"href":"https:\/\/dominikaneked.hu\/cs\/wp-json\/wp\/v2\/users\/12"}],"replies":[{"embeddable":true,"href":"https:\/\/dominikaneked.hu\/cs\/wp-json\/wp\/v2\/comments?post=8390"}],"version-history":[{"count":0,"href":"https:\/\/dominikaneked.hu\/cs\/wp-json\/wp\/v2\/pages\/8390\/revisions"}],"wp:attachment":[{"href":"https:\/\/dominikaneked.hu\/cs\/wp-json\/wp\/v2\/media?parent=8390"}],"curies":[{"name":"wp","href":"https:\/\/api.w.org\/{rel}","templated":true}]}}