{"id":8388,"date":"2021-06-12T16:16:28","date_gmt":"2021-06-12T14:16:28","guid":{"rendered":"exploore.sysvol.hu"},"modified":"2021-07-28T15:50:14","modified_gmt":"2021-07-28T13:50:14","slug":"utazasi-feltetelek","status":"publish","type":"page","link":"https:\/\/dominikaneked.hu\/cs\/utazasi-feltetelek\/","title":{"rendered":"Cestovn\u00ed podm\u00ednky"},"content":{"rendered":"<div class=\"wpb-content-wrapper\"><div class=\"vc_row wpb_row vc_row-fluid\"><div class=\"wpb_column vc_column_container vc_col-sm-12\"><div class=\"vc_column-inner\"><div class=\"wpb_wrapper\">\n\t<div class=\"wpb_text_column wpb_content_element\" >\n\t\t<div class=\"wpb_wrapper\">\n\t\t\t<h2>OBECN\u00c9 CESTOVN\u00cd PODM\u00cdNKY:<\/h2>\n<ul>\n<li>Na\u0161e programy za\u010d\u00ednaj\u00ed a kon\u010d\u00ed v zemi a m\u011bst\u011b p\u0159\u00edjezdu uveden\u00e9m v popisu. P\u0159ekro\u010den\u00ed ma\u010farsk\u00fdch hranic po zemi nebo letecky nen\u00ed v programech zahrnuto. Programy organizuje spole\u010dnost Go Dominican Vacation EA. SRL.<\/li>\n<li>Cesta do v\u00fdchoz\u00edho m\u00edsta v dob\u011b zah\u00e1jen\u00ed a odjezd po skon\u010den\u00ed programu je individu\u00e1ln\u00ed a nen\u00ed sou\u010d\u00e1st\u00ed programu.<\/li>\n<li>Letenky neprod\u00e1v\u00e1me, m\u016f\u017eete si je rezervovat prost\u0159ednictv\u00edm na\u0161eho partnera na na\u0161ich str\u00e1nk\u00e1ch.<\/li>\n<li>Ceny uveden\u00e9 na webov\u00fdch str\u00e1nk\u00e1ch jsou v USD a jsou orienta\u010dn\u00ed.<\/li>\n<li>Informace na t\u011bchto webov\u00fdch str\u00e1nk\u00e1ch nep\u0159edstavuj\u00ed nab\u00eddku z\u00e1jezdu.<\/li>\n<\/ul>\n\n\t\t<\/div>\n\t<\/div>\n\n\t<div class=\"wpb_text_column wpb_content_element\" >\n\t\t<div class=\"wpb_wrapper\">\n\t\t\t<h2>POSTUP REZERVACE:<\/h2>\n<ol>\n<li>V\u00fdb\u011br programu<br \/>\nRezervace cesty prob\u00edh\u00e1 elektronicky. Na na\u0161ich webov\u00fdch str\u00e1nk\u00e1ch uv\u00e1d\u00edme seznam na\u0161ich program\u016f<\/p>\n<ul>\n<li>podrobn\u00fd popis<\/li>\n<li>Datum a \u010das<\/li>\n<li>cena<\/li>\n<li>co je a co nen\u00ed zahrnuto v cen\u011b.<\/li>\n<\/ul>\n<p>P\u0159e\u010dt\u011bte si pros\u00edm informace. Na z\u00e1klad\u011b t\u011bchto informac\u00ed si m\u016f\u017eete vybrat, o kter\u00fd z na\u0161ich program\u016f m\u00e1te z\u00e1jem.<\/li>\n<li>Komunikace p\u0159ed cestou<br \/>\nP\u0159edb\u011b\u017enou rezervaci lze prov\u00e9st prost\u0159ednictv\u00edm e-mailu, Messengeru, aplikace WhatsApp nebo Viberu. Prost\u0159ednictv\u00edm t\u011bchto kan\u00e1l\u016f se na n\u00e1s m\u016f\u017eete obr\u00e1tit s jak\u00fdmkoli dotazem nebo \u017e\u00e1dost\u00ed pot\u0159ebnou k p\u0159\u00edprav\u011b rozhodnut\u00ed.<\/li>\n<li>\u017d\u00e1dost o cenovou nab\u00eddku<br \/>\nVypl\u0148te formul\u00e1\u0159 v nab\u00eddce kontakt\u016f na na\u0161ich webov\u00fdch str\u00e1nk\u00e1ch ( https:\/\/dominikavar.hu\/kapcsolat\/ ). T\u00edm se va\u0161e \u017e\u00e1dost p\u0159id\u00e1 k ostatn\u00edm \u017e\u00e1dostem o n\u00e1vrhy, kde uvid\u00edme v\u0161echny \u017e\u00e1dosti spole\u010dn\u011b. M\u00e1te mo\u017enost zad\u00e1vat individu\u00e1ln\u00ed po\u017eadavky. Na e-mailovou adresu, kterou uvedete ve formul\u00e1\u0159i, budeme s v\u00e1mi d\u00e1le komunikovat a odpov\u00eddat na va\u0161e dotazy,<br \/>\na my v\u00e1m poskytneme cenovou nab\u00eddku. \u017d\u00e1dost o cenovou nab\u00eddku nep\u0159edstavuje objedn\u00e1vku. Objedn\u00e1vky se zad\u00e1vaj\u00ed po zaplacen\u00ed programu.<\/li>\n<li>Rezervace programu<br \/>\nJakmile budou v\u0161echny \u00fadaje o va\u0161\u00ed cest\u011b jasn\u00e9, budete vyzv\u00e1ni k zaplacen\u00ed stanoven\u00e9 \u010d\u00e1stky prost\u0159ednictv\u00edm na\u0161eho rezerva\u010dn\u00edho syst\u00e9mu. Zabezpe\u010den\u00fd syst\u00e9m pro platby kreditn\u00ed kartou. Po zaplacen\u00ed bude va\u0161e cesta zaps\u00e1na do kalend\u00e1\u0159e. 20% z\u00e1lohy bude pova\u017eov\u00e1na za l\u00edtost a v p\u0159\u00edpad\u011b zru\u0161en\u00ed rezervace nebude vr\u00e1cena. D\u016fvodem je to, \u017ee s po\u010dtem<br \/>\na podle toho pl\u00e1nujeme svou denn\u00ed pracovn\u00ed z\u00e1t\u011b\u017e. Pova\u017eujte to za storno poplatek. Zapla\u0165te, pros\u00edm, pouze pokud s touto podm\u00ednkou souhlas\u00edte. Proveden\u00edm platby potvrzujete, \u017ee jste obdr\u017eeli v\u0161echny informace o z\u00e1jezdu a \u017ee jste se rozhodli s jejich pln\u00fdm v\u011bdom\u00edm.<br \/>\nTyto polo\u017eky nebudou v \u017e\u00e1dn\u00e9m p\u0159\u00edpad\u011b vr\u00e1ceny:<\/p>\n<ul>\n<li>vnit\u0159n\u00ed letenka<\/li>\n<li>ubytov\u00e1n\u00ed do 60 dn\u016f<\/li>\n<\/ul>\n<p>V p\u0159\u00edpad\u011b odlo\u017een\u00ed rezervace z jak\u00e9hokoli d\u016fvodu bude \u010d\u00e1stka za rezervaci p\u0159ips\u00e1na na \u00fa\u010det p\u0159i op\u011btovn\u00e9 rezervaci do 24 m\u011bs\u00edc\u016f od p\u016fvodn\u00edho(!) data cesty (krom\u011b uveden\u00fdch v\u00fdjimek).<br \/>\nNemus\u00edte cestovat do 24 m\u011bs\u00edc\u016f, ale rezervujte si nov\u00fd term\u00edn.<\/li>\n<\/ol>\n\n\t\t<\/div>\n\t<\/div>\n\n\t<div class=\"wpb_text_column wpb_content_element\" >\n\t\t<div class=\"wpb_wrapper\">\n\t\t\t<h2>N\u00c1KUP<\/h2>\n<p>V cen\u00e1ch uveden\u00fdch v programu pou\u017e\u00edv\u00e1me hrub\u00e9 ceny. V\u0161e, co k v\u00fdletu pat\u0159\u00ed, je zahrnuto v cen\u011b.<\/p>\n<p>Je zahrnuta v zobrazen\u00e9 cen\u011b:<\/p>\n<ul>\n<li>vstupenky<\/li>\n<li>kyvadlov\u00e1 doprava na m\u00edst\u011b: klimatizovan\u00e9 vozidlo s \u0159idi\u010dem, odpov\u00eddaj\u00edc\u00ed po\u010dtu osob a zavazadel.<\/li>\n<li>ma\u010farsky mluv\u00edc\u00edho pr\u016fvodce, kter\u00fd zahrnuje \u00fakoly spojen\u00e9 s cestov\u00e1n\u00edm.<\/li>\n<li>Ma\u010farsky mluv\u00edc\u00ed pr\u016fvodci: informace o pam\u00e1tk\u00e1ch v r\u00e1mci program\u016f<\/li>\n<li>ubytov\u00e1n\u00ed: cena na\u0161ich z\u00e1jezd\u016f zahrnuje ubytov\u00e1n\u00ed a stravu pro skupinu.<\/li>\n<\/ul>\n<p>Nen\u00ed zahrnuto v uveden\u00e9 cen\u011b:<\/p>\n<ul>\n<li>n\u00e1klady na cestu do m\u011bsta p\u0159\u00edjezdu \/ n\u00e1klady na cestu z m\u011bsta odjezdu na konci programu.<\/li>\n<li>speci\u00e1ln\u00ed voliteln\u00e9 programy<\/li>\n<li>jednor\u00e1zov\u00fd p\u0159\u00edplatek<\/li>\n<li>p\u0159ist\u00fdlka za p\u0159\u00edplatek<\/li>\n<li>n\u00e1klady na roz\u0161\u00ed\u0159en\u00ed<\/li>\n<li>dodate\u010dn\u00e9 n\u00e1klady v d\u016fsledku zvl\u00e1\u0161tn\u00edch stravovac\u00edch pot\u0159eb<\/li>\n<li>poji\u0161t\u011bn\u00ed pro p\u0159\u00edpad nemoci, \u00farazu a zavazadel<\/li>\n<\/ul>\n<p>Ceny ubytov\u00e1n\u00ed jsou zahrnuty v n\u00e1mi inzerovan\u00fdch bal\u00ed\u010dc\u00edch. V jednotliv\u00fdch denn\u00edch programech nen\u00ed zahrnuto ubytov\u00e1n\u00ed. Na vy\u017e\u00e1d\u00e1n\u00ed m\u016f\u017eeme s na\u0161imi smluvn\u00edmi hotely dohodnout slevy.<br \/>\nStravov\u00e1n\u00ed: sn\u00eddan\u011b je zahrnuta v cen\u011b n\u00e1mi doporu\u010den\u00e9ho \/ rezervovan\u00e9ho ubytov\u00e1n\u00ed.<br \/>\nN\u011bkter\u00e9 z na\u0161ich program\u016f zahrnuj\u00ed integrovanou stravu. Ty jsou uvedeny samostatn\u011b.<br \/>\nV p\u0159\u00edpad\u011b vstupenek m\u00e1me s \u0159adou atrakc\u00ed uzav\u0159eny smlouvy o zv\u00fdhodn\u011bn\u00e9m vstupu. Pou\u017e\u00edv\u00e1me je v bal\u00ed\u010dc\u00edch, kter\u00e9 inzerujeme.<br \/>\nV p\u0159\u00edpad\u011b p\u0159epravy n\u00e1m na\u0161e dlouhodob\u00e1 obchodn\u00ed partnerstv\u00ed na mnoha m\u00edstech poskytuj\u00ed mno\u017estevn\u00ed slevy. Ty uplat\u0148ujeme u bal\u00ed\u010dk\u016f, kter\u00e9 inzerujeme.<\/p>\n\n\t\t<\/div>\n\t<\/div>\n\n\t<div class=\"wpb_text_column wpb_content_element\" >\n\t\t<div class=\"wpb_wrapper\">\n\t\t\t<h2>P\u0158\u00cdPRAVA NA CESTU<\/h2>\n<ul>\n<li>Zkontrolujte platnost sv\u00e9ho cestovn\u00edho pasu. Mus\u00ed b\u00fdt platn\u00e1 po dobu 6 m\u011bs\u00edc\u016f od data odjezdu.<\/li>\n<li>Poji\u0161t\u011bn\u00ed je nezbytn\u00e9. P\u0159i uzav\u00edr\u00e1n\u00ed poji\u0161t\u011bn\u00ed v\u011bnujte \u010das sezn\u00e1men\u00ed se s podm\u00ednkami. Informujte se u poji\u0161\u0165ovny, kter\u00e9 nemocnice ve m\u011bstech, kde se poji\u0161t\u011bn\u00ed vztahuje, jsou s n\u00ed spojeny. Pokud ne, co byste m\u011bli ud\u011blat. To, zda zdravotnick\u00e9 za\u0159\u00edzen\u00ed poskytne o\u0161et\u0159en\u00ed na n\u00e1klady va\u0161\u00ed poji\u0161\u0165ovny, nebo na z\u00e1klad\u011b hotovostn\u00ed z\u00e1lohy a n\u00e1sledn\u00e9ho vypo\u0159\u00e1d\u00e1n\u00ed pojistky, m\u016f\u017ee z\u00e1viset na konkr\u00e9tn\u00edm p\u0159\u00edpadu. Bu\u010fte p\u0159ipraveni na odpov\u00eddaj\u00edc\u00ed platbu a seznam dokumentace, kterou poji\u0161\u0165ovna vy\u017eaduje.<br \/>\nTypy poji\u0161t\u011bn\u00ed:<\/p>\n<ul>\n<li>BBP - nemoc, \u00faraz, zavazadlo<\/li>\n<li>p\u0159\u00edplatek za extr\u00e9mn\u00ed sporty, pokud va\u0161e trasa zahrnuje trekking v d\u017eungli, horolezectv\u00ed, pot\u00e1p\u011bn\u00ed...<\/li>\n<li>cestovn\u00ed poji\u0161t\u011bn\u00ed<\/li>\n<\/ul>\n<\/li>\n<li>Znalost celn\u00edch p\u0159edpis\u016f pro dovoz se zvl\u00e1\u0161tn\u00edm d\u016frazem na zbo\u017e\u00ed podl\u00e9haj\u00edc\u00ed spot\u0159ebn\u00ed dani: cigarety, alkohol a kapaliny.<\/li>\n<li>V\u00fdvozn\u00ed celn\u00ed p\u0159edpisy, zejm\u00e9na: p\u0159\u00edrodn\u00ed poklady (mu\u0161le, kor\u00e1ly, rostliny, semena atd.); \u017eivo\u010di\u0161n\u00e9 produkty;<\/li>\n<li>Jste zodpov\u011bdn\u00ed za dodr\u017eov\u00e1n\u00ed z\u00e1kon\u016f sv\u00e9 zem\u011b a pravidel pro n\u00e1v\u0161t\u011bvu m\u00edst zahrnut\u00fdch do programu. Zejm\u00e9na mus\u00ed pln\u011b dodr\u017eovat pravidla obl\u00e9k\u00e1n\u00ed a chov\u00e1n\u00ed o\u010dek\u00e1van\u00e1 na zaj\u00edmav\u00fdch m\u00edstech a dopravn\u00ed p\u0159edpisy.<\/li>\n<\/ul>\n\n\t\t<\/div>\n\t<\/div>\n\n\t<div class=\"wpb_text_column wpb_content_element\" >\n\t\t<div class=\"wpb_wrapper\">\n\t\t\t<h2>B\u011aHEM CESTY V SOUVISLOSTI S LETEM<\/h2>\n<ol>\n<li>Informujte se u leteck\u00fdch spole\u010dnost\u00ed\n<ul>\n<li>pravidla pro omezen\u00ed velikosti a hmotnosti odbaven\u00fdch zavazadel.<\/li>\n<li>pravidla t\u00fdkaj\u00edc\u00ed se celkov\u00e9 hmotnosti a po\u010dtu povolen\u00fdch kus\u016f p\u0159\u00edru\u010dn\u00edch zavazadel.<\/li>\n<\/ul>\n<\/li>\n<li>Ujist\u011bte se, \u017ee jste se na leti\u0161t\u011b dostavili v\u010das p\u0159ed odletem. U mezin\u00e1rodn\u00edch let\u016f je to obvykle 2 hodiny p\u0159ed odletem.<\/li>\n<li>P\u0159i cestov\u00e1n\u00ed letadlem plat\u00ed cestovn\u00ed podm\u00ednky leteck\u00e9 spole\u010dnosti, v\u010detn\u011b p\u0159\u00edpadn\u00fdch zm\u011bn letu: zpo\u017ed\u011bn\u00ed, zm\u011bny letov\u00e9ho \u0159\u00e1du, zm\u011bny typu letadla nebo dokonce zm\u011bny leteck\u00e9 spole\u010dnosti.<\/li>\n<\/ol>\n\n\t\t<\/div>\n\t<\/div>\n\n\t<div class=\"wpb_text_column wpb_content_element\" >\n\t\t<div class=\"wpb_wrapper\">\n\t\t\t<h2>PO P\u0158\u00cdJEZDU<\/h2>\n<ol>\n<li>U sv\u00fdch n\u00e1kup\u016f jste zodpov\u011bdn\u00ed za ur\u010den\u00ed pravosti zbo\u017e\u00ed. P\u0159ed n\u00e1kupem pe\u010dliv\u011b zva\u017ete sv\u00e9 rozhodnut\u00ed.<\/li>\n<li>Zvl\u00e1\u0161tn\u00ed po\u017eadavky na stravu lze splnit pouze v rozsahu j\u00eddeln\u00edho l\u00edstku.<\/li>\n<li>N\u00e1sleduj\u00edc\u00ed p\u0159\u00edpady nespadaj\u00ed do kategori\u00ed, kter\u00e9 m\u016f\u017eeme \u0159e\u0161it:\n<ul>\n<li>po\u010das\u00ed; p\u0159\u00edrodn\u00ed katastrofa; stav nouze na\u0159\u00edzen\u00fd p\u0159\u00edslu\u0161nou zem\u00ed<\/li>\n<li>politick\u00e9 ud\u00e1losti, ud\u00e1losti<\/li>\n<li>sv\u00e1tky, festivaly<\/li>\n<li>stavebn\u00ed pr\u00e1ce, uzav\u00edrky silnic<\/li>\n<\/ul>\n<\/li>\n<li>Pro ubytov\u00e1n\u00ed si rezervujeme p\u0159edem domluvenou kategorii pokoje a typ l\u016f\u017eka. V souladu s mezin\u00e1rodn\u00edmi standardy je t\u0159eba pokoje opustit nejpozd\u011bji do 12:00 a obsadit je lze nejd\u0159\u00edve od 14:00. Hotely mohou stanovit jin\u00e9 \u010dasy. Za to, zda jsou pokoje p\u0159i p\u0159\u00edjezdu pln\u011b nebo \u010d\u00e1ste\u010dn\u011b k dispozici, neneseme odpov\u011bdnost.<\/li>\n<li>Propojujeme cestuj\u00edc\u00ed, kte\u0159\u00ed se p\u0159ihl\u00e1sili ve stejnou dobu a na stejn\u00fd program. Pou\u017e\u00edv\u00e1me vozidlo stejn\u00e9 velikosti jako skupina.<\/li>\n<\/ol>\n\n\t\t<\/div>\n\t<\/div>\n\n\t<div class=\"wpb_text_column wpb_content_element\" >\n\t\t<div class=\"wpb_wrapper\">\n\t\t\t<h2>PODM\u00cdNKY \u00da\u010cASTI V NA\u0160ICH PROGRAMECH<\/h2>\n<ol>\n<li>Celodenn\u00ed program za\u010d\u00edn\u00e1 v 8:00 hodin. Ostatn\u00ed \u010dasy zah\u00e1jen\u00ed budou sd\u011bleny zvl\u00e1\u0161\u0165.<\/li>\n<li>U p\u016fldenn\u00edch program\u016f bude \u010das odjezdu dohodnut p\u0159edem.<\/li>\n<li>Program za\u010d\u00edn\u00e1 a kon\u010d\u00ed na hotelov\u00e9 recepci. V\u0161echny ostatn\u00ed p\u0159\u00edpady budou dohodnuty p\u0159edem.<\/li>\n<li>P\u0159i celodenn\u00edm programu poskytujeme dostate\u010dn\u00fd prostor a \u010das na j\u00eddlo. Zvl\u00e1\u0161tn\u00ed po\u017eadavky na stravu lze splnit pouze do v\u00fd\u0161e stanoven\u00e9 v j\u00eddeln\u00edm l\u00edstku.<\/li>\n<li>P\u0159ed zah\u00e1jen\u00edm program\u016f budou ozn\u00e1mena obecn\u00e1 pravidla a pravidla pro denn\u00ed atrakce. To znamen\u00e1 p\u0159edev\u0161\u00edm pravidla obl\u00e9k\u00e1n\u00ed (o\u010dek\u00e1van\u00e9 oble\u010den\u00ed) a zp\u016fsoby chov\u00e1n\u00ed.<\/li>\n<li>U ka\u017ed\u00e9 atrakce v\u00e1m pr\u016fvodce ihned po p\u0159\u00edjezdu poskytne text k dan\u00e9mu m\u00edstu. Pot\u00e9 se m\u016f\u017eete j\u00edt vyfotit. Pokud jste tam nebyli, kdy\u017e pr\u016fvodce mluvil, je to va\u0161e volba.<\/li>\n<li>Nep\u0159eru\u0161ujte pros\u00edm text pr\u016fvodce ot\u00e1zkou. Po p\u0159e\u010dten\u00ed textu polo\u017ete v\u0161echny relevantn\u00ed ot\u00e1zky, kter\u00e9 v\u00e1m budou zodpov\u011bzeny.<\/li>\n<li>B\u011bhem prohl\u00eddky s pr\u016fvodcem nevypr\u00e1v\u011bjte sv\u00e9 vlastn\u00ed p\u0159\u00edb\u011bhy o p\u0159edchoz\u00edch cest\u00e1ch. M\u00e1te mo\u017enost se tomu v\u011bnovat ve voln\u00e9m \u010dase s vn\u00edmav\u00fdmi spolucestuj\u00edc\u00edmi.<\/li>\n<li>B\u011bhem po\u0159ad\u016f je mo\u017en\u00e9 po\u0159izovat obrazov\u00e9 a zvukov\u00e9 z\u00e1znamy z POSLUCHA\u010cE. Na internetu lze zve\u0159ej\u0148ovat pouze materi\u00e1l, kter\u00fd nen\u00ed chr\u00e1n\u011bn autorsk\u00fdmi pr\u00e1vy nebo jin\u00fdmi pr\u00e1vy du\u0161evn\u00edho vlastnictv\u00ed. Mluven\u00fd text pr\u016fvodce je chr\u00e1n\u011bn autorsk\u00fdmi pr\u00e1vy a jeho pou\u017eit\u00ed vy\u017eaduje p\u0159edchoz\u00ed p\u00edsemn\u00fd souhlas.<\/li>\n<li>Pokud v pr\u016fb\u011bhu programu zme\u0161k\u00e1te datum odjezdu, budete si muset cestu na program a zp\u011bt zajistit sami na vlastn\u00ed n\u00e1klady.<\/li>\n<li>\u00da\u010dast na na\u0161ich programech nen\u00ed povolena osob\u00e1m pod vlivem alkoholu nebo omamn\u00fdch l\u00e1tek.<\/li>\n<li>Probl\u00e9my vypl\u00fdvaj\u00edc\u00ed z nedodr\u017eov\u00e1n\u00ed o\u010dek\u00e1van\u00fdch pravidel (nap\u0159. obl\u00e9k\u00e1n\u00ed, chov\u00e1n\u00ed) se p\u0159ed\u00e1vaj\u00ed d\u00e1l.<\/li>\n<li>Zme\u0161kan\u00fd program z d\u016fvodu va\u0161eho zdravotn\u00edho stavu v\u00e1m nenahrad\u00edme.<\/li>\n<li>Pokud opust\u00edte program bez p\u0159edchoz\u00ed domluvy, zajist\u011bte si pros\u00edm n\u00e1vrat do hotelu.<\/li>\n<li>Na program si p\u0159ineste pouze nezbytn\u00e9 vybaven\u00ed. Za osobn\u00ed v\u011bci a cennosti ponechan\u00e9 ve vozidle neodpov\u00edd\u00e1me.<\/li>\n<li>V p\u0159\u00edpad\u011b st\u00ed\u017enosti za\u0161lete st\u00ed\u017enost do 24 hodin p\u00edsemn\u011b na adresu info@godominicanvacations.com. Teprve pot\u00e9 budeme moci va\u0161i st\u00ed\u017enost zohlednit.<\/li>\n<\/ol>\n\n\t\t<\/div>\n\t<\/div>\n\n\t<div class=\"wpb_text_column wpb_content_element\" >\n\t\t<div class=\"wpb_wrapper\">\n\t\t\t<h2>STORNO PODM\u00cdNKY:<\/h2>\n<ul>\n<li>96 hodin p\u0159ed zah\u00e1jen\u00edm objednan\u00e9ho voliteln\u00e9ho programu bude vr\u00e1cena \u010d\u00e1stka 75% z celkov\u00e9 ceny.<\/li>\n<li>72 hodin p\u0159ed za\u010d\u00e1tkem rezervovan\u00e9ho voliteln\u00e9ho programu v\u00e1m vr\u00e1t\u00edme 50% z celkov\u00e9 ceny.<\/li>\n<li>V p\u0159\u00edpad\u011b zru\u0161en\u00ed nebo nedostaven\u00ed se do 72 hodin nebudeme moci vr\u00e1tit zaplacenou \u010d\u00e1stku.<\/li>\n<\/ul>\n<p>V\u00fdjimku z t\u011bchto podm\u00ednek tvo\u0159\u00ed p\u0159\u00edpady, kdy se osoba, kter\u00e1 cestu ru\u0161\u00ed, nem\u016f\u017ee ze zdravotn\u00edch d\u016fvod\u016f z\u00fa\u010dastnit a m\u016f\u017ee p\u0159edlo\u017eit l\u00e9ka\u0159sk\u00fd doklad. V takov\u00e9m p\u0159\u00edpad\u011b v\u00e1m vr\u00e1t\u00edme \u010d\u00e1stku zaplacenou v 90%.<\/p>\n<p>U n\u00e1mi neorganizovan\u00fdch program\u016f nem\u016f\u017eeme vr\u00e1tit kupn\u00ed cenu, m\u016f\u017eeme pouze vystavit poukaz, kter\u00fd je p\u0159enosn\u00fd.<\/p>\n\n\t\t<\/div>\n\t<\/div>\n\n\t<div class=\"wpb_text_column wpb_content_element\" >\n\t\t<div class=\"wpb_wrapper\">\n\t\t\t<h2>NA\u0160E Z\u00c1RUKY<\/h2>\n<p>Nab\u00edz\u00edme dom\u00e1c\u00ed programy. To je podstata na\u0161\u00ed pr\u00e1ce.<br \/>\nPoskytneme v\u00e1m tipy na letenky a ubytov\u00e1n\u00ed, kter\u00e9 nejl\u00e9pe vyhovuj\u00ed va\u0161emu pl\u00e1nu cesty, ale rozhodnut\u00ed a n\u00e1kup je na v\u00e1s.<br \/>\nSpole\u010dn\u011b tak zajist\u00edte, \u017ee se nedostanete do bezv\u00fdchodn\u00e9 situace, kter\u00e1 se n\u011bkdy u cestovn\u00edch kancel\u00e1\u0159\u00ed st\u00e1v\u00e1. Ubytov\u00e1n\u00ed a n\u00e1vrat dom\u016f budou zaji\u0161t\u011bny a vy budete m\u00edt k dispozici v\u0161echny pot\u0159ebn\u00e9 informace.<\/p>\n<p>CO JE TO CENOV\u00c1 Z\u00c1RUKA?<\/p>\n<ul>\n<li>Pokud najdete stejn\u00fd program levn\u011bji u jin\u00e9 spole\u010dnosti a m\u016f\u017eete to v\u011brohodn\u011b prok\u00e1zat, vr\u00e1t\u00edme v\u00e1m rozd\u00edl a poskytneme program za ni\u017e\u0161\u00ed cenu!<\/li>\n<li>Pokud n\u00e1s nem\u016f\u017eete nav\u0161t\u00edvit, m\u016f\u017eete poukaz vyu\u017e\u00edt po dobu n\u00e1sleduj\u00edc\u00edch 2 let. Vocher lze toti\u017e p\u0159ev\u00e9st a prodat ( inzerov\u00e1no v na\u0161\u00ed skupin\u011b ).<\/li>\n<\/ul>\n<p>VYHRAZUJEME SI PR\u00c1VO NA ZM\u011aNU CEN A NENESEME ODPOV\u011aDNOST ZA P\u0158\u00cdPADN\u00c9 CHYBY NA WEBOV\u00ddCH STR\u00c1NK\u00c1CH.<\/p>\n\n\t\t<\/div>\n\t<\/div>\n<\/div><\/div><\/div><\/div>\n<\/div>","protected":false},"excerpt":{"rendered":"OBECN\u00c9 PODM\u00cdNKY TRANZITU: na\u0161e programy za\u010d\u00ednaj\u00ed a kon\u010d\u00ed v zemi a m\u011bst\u011b p\u0159\u00edjezdu uveden\u00e9m v popisu. P\u0159ekro\u010den\u00ed hranic Ma\u010farska po zemi nebo letecky nen\u00ed v programech zahrnuto. Programy organizuje spole\u010dnost Go Dominican Vacation EA. SRL. Cesta do v\u00fdchoz\u00edho m\u00edsta v dob\u011b zah\u00e1jen\u00ed a n\u00e1sledn\u00fd odjezd po skon\u010den\u00ed programu je individu\u00e1ln\u00ed a nen\u00ed sou\u010d\u00e1st\u00ed programu. [...]","protected":false},"author":12,"featured_media":0,"parent":0,"menu_order":10,"comment_status":"closed","ping_status":"closed","template":"","meta":{"_seopress_robots_primary_cat":"","_seopress_titles_title":"","_seopress_titles_desc":"","_seopress_robots_index":"","footnotes":""},"class_list":["post-8388","page","type-page","status-publish","hentry"],"_links":{"self":[{"href":"https:\/\/dominikaneked.hu\/cs\/wp-json\/wp\/v2\/pages\/8388","targetHints":{"allow":["GET"]}}],"collection":[{"href":"https:\/\/dominikaneked.hu\/cs\/wp-json\/wp\/v2\/pages"}],"about":[{"href":"https:\/\/dominikaneked.hu\/cs\/wp-json\/wp\/v2\/types\/page"}],"author":[{"embeddable":true,"href":"https:\/\/dominikaneked.hu\/cs\/wp-json\/wp\/v2\/users\/12"}],"replies":[{"embeddable":true,"href":"https:\/\/dominikaneked.hu\/cs\/wp-json\/wp\/v2\/comments?post=8388"}],"version-history":[{"count":0,"href":"https:\/\/dominikaneked.hu\/cs\/wp-json\/wp\/v2\/pages\/8388\/revisions"}],"wp:attachment":[{"href":"https:\/\/dominikaneked.hu\/cs\/wp-json\/wp\/v2\/media?parent=8388"}],"curies":[{"name":"wp","href":"https:\/\/api.w.org\/{rel}","templated":true}]}}