{"id":8386,"date":"2021-06-12T16:16:13","date_gmt":"2021-06-12T14:16:13","guid":{"rendered":"exploore.sysvol.hu"},"modified":"2021-09-17T06:51:43","modified_gmt":"2021-09-17T04:51:43","slug":"miert-a-dominikai-koztarsasag","status":"publish","type":"page","link":"https:\/\/dominikaneked.hu\/cs\/miert-a-dominikai-koztarsasag\/","title":{"rendered":"Pro\u010d Dominik\u00e1nsk\u00e1 republika?"},"content":{"rendered":"<div class=\"wpb-content-wrapper\"><div class=\"vc_row wpb_row vc_row-fluid\"><div class=\"text-center col-sm-12 col-lg-10 offset-lg-1 wpb_column vc_column_container vc_col-sm-12\"><div class=\"vc_column-inner\"><div class=\"wpb_wrapper\">\n\t<div class=\"wpb_text_column wpb_content_element mb-5\" >\n\t\t<div class=\"wpb_wrapper\">\n\t\t\t<h2 class=\"heading\"><strong>Karibik<\/strong> <em>luxusn\u00ed<\/em><\/h2>\n<div class=\"subtitle dash\">Nyn\u00ed je dostupn\u00fd pro ka\u017ed\u00e9ho za p\u0159ijateln\u00e9 ceny!<\/div>\n<p>P\u0159edstavte si ten nej\u00fa\u017easn\u011bj\u0161\u00ed den sv\u00e9ho \u017eivota! Jak by to bylo? Luxusn\u00ed slu\u017eby, n\u00e1dhern\u00e9 pam\u00e1tky, nezapomenuteln\u00e9 z\u00e1\u017eitky, kter\u00e9 se prol\u00ednaj\u00ed, radost, sm\u00edch, \u0161t\u011bst\u00ed a nejkr\u00e1sn\u011bj\u0161\u00ed v\u00fdchod a z\u00e1pad slunce na sv\u011bt\u011b jako vhodn\u00e1 kulisa...<\/p>\n<p>Kde byste nejrad\u011bji str\u00e1vili nejlep\u0161\u00ed dny sv\u00e9ho \u017eivota?<\/p>\n<p>Doporu\u010dujeme v\u00e1m napl\u00e1novat si nejkouzeln\u011bj\u0161\u00ed z\u00e1\u017eitky va\u0161eho \u017eivota, nej\u00fa\u017easn\u011bj\u0161\u00ed dny v perle Karibiku, Dominik\u00e1nsk\u00e9 republice!<\/p>\n\n\t\t<\/div>\n\t<\/div>\n<\/div><\/div><\/div><\/div><div data-vc-full-width=\"true\" data-vc-full-width-init=\"false\" data-vc-stretch-content=\"true\" class=\"vc_row wpb_row vc_row-fluid row row-full mb-5\"><div class=\"col-md-6 wpb_column vc_column_container vc_col-sm-6\"><div class=\"vc_column-inner\"><div class=\"wpb_wrapper\">\n\t<div class=\"wpb_text_column wpb_content_element col-sm-12 col-lg-10 offset-lg-2\" >\n\t\t<div class=\"wpb_wrapper\">\n\t\t\t<p>Dominik\u00e1nsk\u00e1 republika je druh\u00fdm nejv\u011bt\u0161\u00edm ostrovem Velk\u00fdch Antil, klenotem pr\u00e1zdninov\u00fdch letovisek a nejvyhled\u00e1van\u011bj\u0161\u00ed destinac\u00ed ma\u010farsk\u00fdch turist\u016f. Nen\u00ed divu! \u00dachvatn\u00e9 pam\u00e1tky Karibiku, bezkonkuren\u010dn\u00ed atmosf\u00e9ra a mo\u017enosti n\u00e1dhern\u00fdch z\u00e1\u017eitk\u016f, to v\u0161e l\u00e1k\u00e1 cestuj\u00edc\u00ed, kte\u0159\u00ed cht\u011bj\u00ed pro\u017e\u00edt nezapomenutelnou dovolenou.<\/p>\n<p>Dominik\u00e1nskou republiku cestovatel\u00e9 bezpochyby pova\u017euj\u00ed za nejlep\u0161\u00ed dovolenou sv\u00e9ho \u017eivota a centrum nezapomenuteln\u00fdch z\u00e1\u017eitk\u016f, a to d\u00edky jej\u00edmu jedine\u010dn\u00e9mu klimatu, zaj\u00edmavostem a vysok\u00e9 \u00farovni slu\u017eeb specializovan\u00fdch na pot\u0159eby turist\u016f.<\/p>\n<p>Pokud jste se n\u011bkdy d\u00edvali na film, kter\u00fd se zde odehr\u00e1v\u00e1, a \u0159\u00edkali jste si: \"Cht\u011bl bych vid\u011bt ten t\u0159pytiv\u00fd b\u00edl\u00fd p\u00edsek na pl\u00e1\u017ei, cht\u011bl bych vb\u011bhnout do tyrkysov\u00e9ho mo\u0159e\", pak byla Dominik\u00e1nsk\u00e1 republika \"vynalezena\" pro v\u00e1s!<\/p>\n\n\t\t<\/div>\n\t<\/div>\n<\/div><\/div><\/div><div class=\"col-md-6 wpb_column vc_column_container vc_col-sm-6\"><div class=\"vc_column-inner\"><div class=\"wpb_wrapper\">\n\t<div class=\"wpb_video_widget wpb_content_element vc_clearfix   vc_video-aspect-ratio-169 vc_video-el-width-100 vc_video-align-left\" >\n\t\t<div class=\"wpb_wrapper\">\n\t\t\t\n\t\t\t<div class=\"wpb_video_wrapper\"><iframe loading=\"lazy\" title=\"Punta Cana ve 4K\" width=\"500\" height=\"281\" src=\"https:\/\/www.youtube.com\/embed\/v0LzM2Amy5U?feature=oembed\" frameborder=\"0\" allow=\"accelerometer; autoplay; clipboard-write; encrypted-media; gyroscope; picture-in-picture; web-share\" referrerpolicy=\"strict-origin-when-cross-origin\" allowfullscreen><\/iframe><\/div>\n\t\t<\/div>\n\t<\/div>\n<\/div><\/div><\/div><\/div><div class=\"vc_row-full-width vc_clearfix\"><\/div><div class=\"vc_row wpb_row vc_row-fluid\"><div class=\"text-center col-sm-12 col-lg-10 offset-lg-1 mb-5 wpb_column vc_column_container vc_col-sm-12\"><div class=\"vc_column-inner\"><div class=\"wpb_wrapper\">\n\t<div class=\"wpb_text_column wpb_content_element\" >\n\t\t<div class=\"wpb_wrapper\">\n\t\t\t<h2 class=\"heading\"><em>Je to pro v\u00e1s<\/em> <strong>dovolen\u00e1 sn\u016f<\/strong><\/h2>\n<div class=\"subtitle\">A\u0165 u\u017e hled\u00e1te ru\u0161nou dovolenou zam\u011b\u0159enou na dobrodru\u017estv\u00ed, nebo chcete jen cel\u00fd den le\u017eet na pl\u00e1\u017ei, pop\u00edjet koktejly a kochat se n\u00e1dhernou krajinou, nejlep\u0161\u00ed volbou je pro v\u00e1s...<\/div>\n<p>Pokud hled\u00e1te z\u00e1\u017eitky a pam\u00e1tky na pozad\u00ed p\u0159\u00edrody, kter\u00e9 by se hodily do romantick\u00e9ho dobrodru\u017en\u00e9ho filmu. Pokud nechcete utratit v\u0161echny pen\u00edze za dovolenou a chcete exotick\u00e9 z\u00e1\u017eitky za naprosto evropsk\u00e9 ceny!<\/p>\n<p>Pokud chcete za\u017e\u00edt luxusn\u00ed dovolenou, kterou si mohou dovolit jen vy\u0161\u0161\u00ed vrstvy, s luxusn\u00edm ubytov\u00e1n\u00edm, prvot\u0159\u00eddn\u00edmi atrakcemi a nezapomenuteln\u00fdmi aktivitami.<\/p>\n<p>Pokud milujete mo\u0159e a pl\u00e1\u017ee a v\u0161echny \"p\u0159\u00edjemn\u00e9 vedlej\u0161\u00ed \u00fa\u010dinky\", kter\u00e9 s sebou Karibik p\u0159in\u00e1\u0161\u00ed: st\u00e1le lehk\u00fd v\u00e1nek na pob\u0159e\u017e\u00ed, hork\u00fd vzduch od vody, zvuk vody, kter\u00e1 se odr\u00e1\u017e\u00ed od b\u0159ehu, oslepuj\u00edc\u00ed b\u011blost, \u017ehnouc\u00ed slunce, tyrkysovou z\u00e1\u0159i. Nyn\u00ed je k dispozici v\u0161em, v\u010detn\u011b v\u00e1s!<\/p>\n<p>Pokud m\u00e1te r\u00e1di ak\u010dn\u00ed aktivity a r\u00e1di byste si vyzkou\u0161eli n\u011bco, o \u010dem jste dosud jen snili nebo co jste vid\u011bli ve filmu. M\u016f\u017eete se nap\u0159\u00edklad z\u00fa\u010dastnit \u017eiv\u00e9ho ob\u0159adu voodoo, nav\u0161t\u00edvit tov\u00e1rnu na doutn\u00edky, prohl\u00e9dnout si krajinu z l\u00e9taj\u00edc\u00edho \u010dlunu nebo se projet Hummerem.<\/p>\n\n\t\t<\/div>\n\t<\/div>\n<\/div><\/div><\/div><\/div><div class=\"vc_row wpb_row vc_row-fluid\"><div class=\"text-center col-sm-12 col-lg-10 offset-lg-1 wpb_column vc_column_container vc_col-sm-12\"><div class=\"vc_column-inner\"><div class=\"wpb_wrapper\">\n\t<div class=\"wpb_text_column wpb_content_element row-full\" >\n\t\t<div class=\"wpb_wrapper\">\n\t\t\t<div id='gallery-1' class='gallery galleryid-8386 gallery-columns-3 gallery-size-full'><figure class='gallery-item'>\n\t\t\t<div class='gallery-icon landscape'>\n\t\t\t\t<img loading=\"lazy\" decoding=\"async\" width=\"1602\" height=\"900\" src=\"https:\/\/dominikaneked.hu\/wp-content\/uploads\/2021\/08\/9bfd47343666e2f1217e33440b7a55dc-scaled-e1628406203925.jpeg\" class=\"attachment-full size-full\" alt=\"\" srcset=\"https:\/\/dominikaneked.hu\/wp-content\/uploads\/2021\/08\/9bfd47343666e2f1217e33440b7a55dc-scaled-e1628406203925.jpeg 1602w, https:\/\/dominikaneked.hu\/wp-content\/uploads\/2021\/08\/9bfd47343666e2f1217e33440b7a55dc-scaled-e1628406203925-300x169.jpeg 300w, https:\/\/dominikaneked.hu\/wp-content\/uploads\/2021\/08\/9bfd47343666e2f1217e33440b7a55dc-scaled-e1628406203925-1024x575.jpeg 1024w, https:\/\/dominikaneked.hu\/wp-content\/uploads\/2021\/08\/9bfd47343666e2f1217e33440b7a55dc-scaled-e1628406203925-768x431.jpeg 768w, https:\/\/dominikaneked.hu\/wp-content\/uploads\/2021\/08\/9bfd47343666e2f1217e33440b7a55dc-scaled-e1628406203925-1536x863.jpeg 1536w, https:\/\/dominikaneked.hu\/wp-content\/uploads\/2021\/08\/9bfd47343666e2f1217e33440b7a55dc-scaled-e1628406203925-18x10.jpeg 18w, https:\/\/dominikaneked.hu\/wp-content\/uploads\/2021\/08\/9bfd47343666e2f1217e33440b7a55dc-scaled-e1628406203925-600x337.jpeg 600w\" sizes=\"auto, (max-width: 1602px) 100vw, 1602px\" \/>\n\t\t\t<\/div><\/figure><figure class='gallery-item'>\n\t\t\t<div class='gallery-icon landscape'>\n\t\t\t\t<img loading=\"lazy\" decoding=\"async\" width=\"1600\" height=\"900\" src=\"https:\/\/dominikaneked.hu\/wp-content\/uploads\/2021\/08\/bacardisziget_feherhomokospartja_es_kristalytisztavize.jpeg\" class=\"attachment-full size-full\" alt=\"\" srcset=\"https:\/\/dominikaneked.hu\/wp-content\/uploads\/2021\/08\/bacardisziget_feherhomokospartja_es_kristalytisztavize.jpeg 1600w, https:\/\/dominikaneked.hu\/wp-content\/uploads\/2021\/08\/bacardisziget_feherhomokospartja_es_kristalytisztavize-300x169.jpeg 300w, https:\/\/dominikaneked.hu\/wp-content\/uploads\/2021\/08\/bacardisziget_feherhomokospartja_es_kristalytisztavize-1024x576.jpeg 1024w, https:\/\/dominikaneked.hu\/wp-content\/uploads\/2021\/08\/bacardisziget_feherhomokospartja_es_kristalytisztavize-768x432.jpeg 768w, https:\/\/dominikaneked.hu\/wp-content\/uploads\/2021\/08\/bacardisziget_feherhomokospartja_es_kristalytisztavize-1536x864.jpeg 1536w, https:\/\/dominikaneked.hu\/wp-content\/uploads\/2021\/08\/bacardisziget_feherhomokospartja_es_kristalytisztavize-18x10.jpeg 18w, https:\/\/dominikaneked.hu\/wp-content\/uploads\/2021\/08\/bacardisziget_feherhomokospartja_es_kristalytisztavize-600x338.jpeg 600w\" sizes=\"auto, (max-width: 1600px) 100vw, 1600px\" \/>\n\t\t\t<\/div><\/figure><figure class='gallery-item'>\n\t\t\t<div class='gallery-icon landscape'>\n\t\t\t\t<img loading=\"lazy\" decoding=\"async\" width=\"1600\" height=\"900\" src=\"https:\/\/dominikaneked.hu\/wp-content\/uploads\/2021\/08\/bacardisziget_feherpart_fentrol.jpeg\" class=\"attachment-full size-full\" alt=\"\" srcset=\"https:\/\/dominikaneked.hu\/wp-content\/uploads\/2021\/08\/bacardisziget_feherpart_fentrol.jpeg 1600w, https:\/\/dominikaneked.hu\/wp-content\/uploads\/2021\/08\/bacardisziget_feherpart_fentrol-300x169.jpeg 300w, https:\/\/dominikaneked.hu\/wp-content\/uploads\/2021\/08\/bacardisziget_feherpart_fentrol-1024x576.jpeg 1024w, https:\/\/dominikaneked.hu\/wp-content\/uploads\/2021\/08\/bacardisziget_feherpart_fentrol-768x432.jpeg 768w, https:\/\/dominikaneked.hu\/wp-content\/uploads\/2021\/08\/bacardisziget_feherpart_fentrol-1536x864.jpeg 1536w, https:\/\/dominikaneked.hu\/wp-content\/uploads\/2021\/08\/bacardisziget_feherpart_fentrol-18x10.jpeg 18w, https:\/\/dominikaneked.hu\/wp-content\/uploads\/2021\/08\/bacardisziget_feherpart_fentrol-600x338.jpeg 600w\" sizes=\"auto, (max-width: 1600px) 100vw, 1600px\" \/>\n\t\t\t<\/div><\/figure><figure class='gallery-item'>\n\t\t\t<div class='gallery-icon landscape'>\n\t\t\t\t<img loading=\"lazy\" decoding=\"async\" width=\"1600\" height=\"900\" src=\"https:\/\/dominikaneked.hu\/wp-content\/uploads\/2021\/08\/DSC03398-scaled-e1628406400409.jpg\" class=\"attachment-full size-full\" alt=\"\" srcset=\"https:\/\/dominikaneked.hu\/wp-content\/uploads\/2021\/08\/DSC03398-scaled-e1628406400409.jpg 1600w, https:\/\/dominikaneked.hu\/wp-content\/uploads\/2021\/08\/DSC03398-scaled-e1628406400409-300x169.jpg 300w, https:\/\/dominikaneked.hu\/wp-content\/uploads\/2021\/08\/DSC03398-scaled-e1628406400409-1024x576.jpg 1024w, https:\/\/dominikaneked.hu\/wp-content\/uploads\/2021\/08\/DSC03398-scaled-e1628406400409-768x432.jpg 768w, https:\/\/dominikaneked.hu\/wp-content\/uploads\/2021\/08\/DSC03398-scaled-e1628406400409-1536x864.jpg 1536w, https:\/\/dominikaneked.hu\/wp-content\/uploads\/2021\/08\/DSC03398-scaled-e1628406400409-18x10.jpg 18w, https:\/\/dominikaneked.hu\/wp-content\/uploads\/2021\/08\/DSC03398-scaled-e1628406400409-600x338.jpg 600w\" sizes=\"auto, (max-width: 1600px) 100vw, 1600px\" \/>\n\t\t\t<\/div><\/figure><figure class='gallery-item'>\n\t\t\t<div class='gallery-icon landscape'>\n\t\t\t\t<img loading=\"lazy\" decoding=\"async\" width=\"1600\" height=\"900\" src=\"https:\/\/dominikaneked.hu\/wp-content\/uploads\/2021\/08\/e6d22dd9-742a-4731-b46f-cc948f4b201b-scaled-e1628405971592.jpg\" class=\"attachment-full size-full\" alt=\"\" srcset=\"https:\/\/dominikaneked.hu\/wp-content\/uploads\/2021\/08\/e6d22dd9-742a-4731-b46f-cc948f4b201b-scaled-e1628405971592.jpg 1600w, https:\/\/dominikaneked.hu\/wp-content\/uploads\/2021\/08\/e6d22dd9-742a-4731-b46f-cc948f4b201b-scaled-e1628405971592-300x169.jpg 300w, https:\/\/dominikaneked.hu\/wp-content\/uploads\/2021\/08\/e6d22dd9-742a-4731-b46f-cc948f4b201b-scaled-e1628405971592-1024x576.jpg 1024w, https:\/\/dominikaneked.hu\/wp-content\/uploads\/2021\/08\/e6d22dd9-742a-4731-b46f-cc948f4b201b-scaled-e1628405971592-768x432.jpg 768w, https:\/\/dominikaneked.hu\/wp-content\/uploads\/2021\/08\/e6d22dd9-742a-4731-b46f-cc948f4b201b-scaled-e1628405971592-1536x864.jpg 1536w, https:\/\/dominikaneked.hu\/wp-content\/uploads\/2021\/08\/e6d22dd9-742a-4731-b46f-cc948f4b201b-scaled-e1628405971592-18x10.jpg 18w, https:\/\/dominikaneked.hu\/wp-content\/uploads\/2021\/08\/e6d22dd9-742a-4731-b46f-cc948f4b201b-scaled-e1628405971592-600x338.jpg 600w\" sizes=\"auto, (max-width: 1600px) 100vw, 1600px\" \/>\n\t\t\t<\/div><\/figure><figure class='gallery-item'>\n\t\t\t<div class='gallery-icon landscape'>\n\t\t\t\t<img loading=\"lazy\" decoding=\"async\" width=\"1600\" height=\"900\" src=\"https:\/\/dominikaneked.hu\/wp-content\/uploads\/2021\/08\/las_salina_palmafas_strand.jpeg\" class=\"attachment-full size-full\" alt=\"\" srcset=\"https:\/\/dominikaneked.hu\/wp-content\/uploads\/2021\/08\/las_salina_palmafas_strand.jpeg 1600w, https:\/\/dominikaneked.hu\/wp-content\/uploads\/2021\/08\/las_salina_palmafas_strand-300x169.jpeg 300w, https:\/\/dominikaneked.hu\/wp-content\/uploads\/2021\/08\/las_salina_palmafas_strand-1024x576.jpeg 1024w, https:\/\/dominikaneked.hu\/wp-content\/uploads\/2021\/08\/las_salina_palmafas_strand-768x432.jpeg 768w, https:\/\/dominikaneked.hu\/wp-content\/uploads\/2021\/08\/las_salina_palmafas_strand-1536x864.jpeg 1536w, https:\/\/dominikaneked.hu\/wp-content\/uploads\/2021\/08\/las_salina_palmafas_strand-18x10.jpeg 18w, https:\/\/dominikaneked.hu\/wp-content\/uploads\/2021\/08\/las_salina_palmafas_strand-600x338.jpeg 600w\" sizes=\"auto, (max-width: 1600px) 100vw, 1600px\" \/>\n\t\t\t<\/div><\/figure>\n\t\t<\/div>\n\n\n\t\t<\/div>\n\t<\/div>\n<\/div><\/div><\/div><\/div><div class=\"vc_row wpb_row vc_row-fluid\"><div class=\"text-center col-sm-12 col-lg-10 offset-lg-1 wpb_column vc_column_container vc_col-sm-12\"><div class=\"vc_column-inner\"><div class=\"wpb_wrapper\">\n\t<div class=\"wpb_text_column wpb_content_element\" >\n\t\t<div class=\"wpb_wrapper\">\n\t\t\t<h2 class=\"heading\"><strong>Nechte to na n\u00e1s<\/strong> <em>sami!<\/em><\/h2>\n<div>Na\u0161e znalost m\u00edstn\u00edch pom\u011br\u016f a online rezerva\u010dn\u00ed syst\u00e9m v\u00e1m poskytnou pohodl\u00ed a jistotu!<\/div>\n<p>Vyu\u017eijte na\u0161e slu\u017eby, jako jsou transfery z leti\u0161t\u011b a zaji\u0161t\u011bn\u00ed programu! Pokud m\u00e1te r\u00e1di, kdy\u017e je v\u0161e dokonale uspo\u0159\u00e1dan\u00e9, ani\u017e byste museli vynakl\u00e1dat dal\u0161\u00ed \u00fasil\u00ed na organizaci, jsme pro v\u00e1s tou nejlep\u0161\u00ed volbou!<\/p>\n<blockquote><p>\nProzkoumejte s n\u00e1mi Dominik\u00e1nskou republiku!\n<\/p><\/blockquote>\n\n\t\t<\/div>\n\t<\/div>\n<\/div><\/div><\/div><\/div><section id=\"cta\" class=\"vc_section p-5\"><div class=\"vc_row wpb_row vc_row-fluid cta-row row\"><div class=\"col-md-9 wpb_column vc_column_container vc_col-sm-8\"><div class=\"vc_column-inner\"><div class=\"wpb_wrapper\">\n\t<div class=\"wpb_text_column wpb_content_element\" >\n\t\t<div class=\"wpb_wrapper\">\n\t\t\t<h2 class=\"heading\"><em>Z\u00edskejte nab\u00eddku, rezervujte a cestujte<\/em> <strong>zaru\u010den\u00e9<\/strong> <em>za nejlep\u0161\u00ed cenu!<\/em><\/h2>\n<div class=\"supertitle\">Nikde jinde nenajdete cestu levn\u011bji, to v\u00e1m zaru\u010dujeme!<\/div>\n\n\t\t<\/div>\n\t<\/div>\n<\/div><\/div><\/div><div class=\"col-md-3 wpb_column vc_column_container vc_col-sm-4\"><div class=\"vc_column-inner\"><div class=\"wpb_wrapper\">\n\t<div class=\"wpb_text_column wpb_content_element\" >\n\t\t<div class=\"wpb_wrapper\">\n\t\t\t<p><a class=\"button btn\" href=\"\/cs\/repulojegy-es-hotel-foglalas\/\">Ud\u011blejte pros\u00edm nab\u00eddku<\/a><\/p>\n\n\t\t<\/div>\n\t<\/div>\n<\/div><\/div><\/div><\/div><\/section>\n<\/div>","protected":false},"excerpt":{"rendered":"<p>Pokud jste se n\u011bkdy d\u00edvali na film, kter\u00fd se zde odehr\u00e1v\u00e1, a \u0159\u00edkali jste si: \"Cht\u011bl bych vid\u011bt ten t\u0159pytiv\u00fd b\u00edl\u00fd p\u00edsek na pl\u00e1\u017ei, cht\u011bl bych vb\u011bhnout do tyrkysov\u00e9ho mo\u0159e\", pak byla Dominik\u00e1nsk\u00e1 republika \"vynalezena\" pro v\u00e1s!<\/p>","protected":false},"author":12,"featured_media":0,"parent":0,"menu_order":9,"comment_status":"closed","ping_status":"closed","template":"","meta":{"_seopress_robots_primary_cat":"","_seopress_titles_title":"","_seopress_titles_desc":"","_seopress_robots_index":"","footnotes":""},"class_list":["post-8386","page","type-page","status-publish","hentry"],"_links":{"self":[{"href":"https:\/\/dominikaneked.hu\/cs\/wp-json\/wp\/v2\/pages\/8386","targetHints":{"allow":["GET"]}}],"collection":[{"href":"https:\/\/dominikaneked.hu\/cs\/wp-json\/wp\/v2\/pages"}],"about":[{"href":"https:\/\/dominikaneked.hu\/cs\/wp-json\/wp\/v2\/types\/page"}],"author":[{"embeddable":true,"href":"https:\/\/dominikaneked.hu\/cs\/wp-json\/wp\/v2\/users\/12"}],"replies":[{"embeddable":true,"href":"https:\/\/dominikaneked.hu\/cs\/wp-json\/wp\/v2\/comments?post=8386"}],"version-history":[{"count":0,"href":"https:\/\/dominikaneked.hu\/cs\/wp-json\/wp\/v2\/pages\/8386\/revisions"}],"wp:attachment":[{"href":"https:\/\/dominikaneked.hu\/cs\/wp-json\/wp\/v2\/media?parent=8386"}],"curies":[{"name":"wp","href":"https:\/\/api.w.org\/{rel}","templated":true}]}}