{"id":8384,"date":"2021-06-12T16:15:31","date_gmt":"2021-06-12T14:15:31","guid":{"rendered":"http:\/\/exploore.sysvol.hu"},"modified":"2022-12-16T06:46:56","modified_gmt":"2022-12-16T05:46:56","slug":"rolunk","status":"publish","type":"page","link":"https:\/\/dominikaneked.hu\/cs\/rolunk\/","title":{"rendered":"P\u0159ej\u00edt na dovolenou v Dominik\u00e1nsk\u00e9 republice"},"content":{"rendered":"<div class=\"wpb-content-wrapper\"><div class=\"vc_row wpb_row vc_row-fluid\"><div class=\"wpb_column vc_column_container vc_col-sm-12\"><div class=\"vc_column-inner\"><div class=\"wpb_wrapper\">\n\t<div class=\"wpb_text_column wpb_content_element text-center col-sm-12 col-lg-8 offset-lg-2\" >\n\t\t<div class=\"wpb_wrapper\">\n\t\t\t<h2 class=\"heading\"><em>Pro\u010d <\/em><strong class=\"animate animate-moveleft\">si n\u00e1s vybrat?<\/strong><\/h2>\n<div class=\"subtitle\">VIP zach\u00e1zen\u00ed za b\u011b\u017en\u00e9 ceny<\/div>\n<p>Pot\u00e9, co jsme poznali tuto zemi a jej\u00ed skryt\u00e9 poklady, jsme se rozhodli pod\u011blit se o n\u011b s t\u011bmi, kte\u0159\u00ed sem p\u0159ij\u00ed\u017ed\u011bj\u00ed za odpo\u010dinkem. Bylo d\u016fle\u017eit\u00e9, aby na\u0161e spole\u010dnost byla leg\u00e1ln\u00ed a v souladu se v\u0161emi p\u0159edpisy. S ohledem na tyto pokyny jsme z\u00edskali na\u0161e <a href=\"https:\/\/mitur.gob.do\/\" target=\"_blank\" rel=\"noopener\">Ministerstvo cestovn\u00edho ruchu<\/a> organizovat a v\u00e9st exkurze a n\u00e1\u0161 vozov\u00fd park byl rovn\u011b\u017e schv\u00e1len pro p\u0159epravu.<br \/>\nN\u00e1\u0161 t\u00fdm jsme vybudovali na z\u00e1klad\u011b dlouholet\u00fdch zku\u0161enost\u00ed v oblasti cestovn\u00edho ruchu. Na\u0161i kolegov\u00e9 hovo\u0159\u00ed n\u011bkolika ciz\u00edmi jazyky, maj\u00ed dlouholet\u00e9 zku\u0161enosti v oblasti cestovn\u00edho ruchu a na\u0161e znalost m\u00edstn\u00edch pom\u011br\u016f je bezkonkuren\u010dn\u00ed. Majitel\u00e9 spole\u010dnosti jsou zku\u0161en\u00ed, \u00fasp\u011b\u0161n\u00ed podnikatel\u00e9, mezin\u00e1rodn\u011b uzn\u00e1van\u00ed, s diplomem z ekonomiky cestovn\u00edho ruchu.<\/p>\n<p>Na\u0161e v\u00fdlety jsou navr\u017eeny tak, aby byly jedine\u010dn\u00e9 a poskytly na\u0161im host\u016fm z\u00e1\u017eitek na cel\u00fd \u017eivot. Jsme neziskov\u00e1 organizace, ale na\u0161e cenov\u00e1 politika se sna\u017e\u00ed poskytovat co nejlep\u0161\u00ed pom\u011br ceny a kvality. Proto jsme jako prvn\u00ed a jedin\u00e1 spole\u010dnost zavedli z\u00e1ruku ceny. Vedle ceny byla dal\u0161\u00edm d\u016fle\u017eit\u00fdm aspektem kvalita, a proto jsme pro na\u0161e kolegy vytvo\u0159ili specifick\u00e9 z\u00e1sady, kter\u00e9 v\u0161ichni pln\u011b respektuj\u00ed.<br \/>\nProto\u017ee na\u0161e spole\u010dnost m\u00e1 v\u0161echny licence, organizujeme a provozujeme na\u0161e programy. Neanga\u017eujeme tedy t\u0159et\u00ed stranu, tak\u017ee rozd\u00edl z\u016fst\u00e1v\u00e1 v kapse na\u0161ich host\u016f.<\/p>\n\n\t\t<\/div>\n\t<\/div>\n\n\t<div class=\"wpb_text_column wpb_content_element text-center col-sm-12 col-lg-10 offset-lg-1\" >\n\t\t<div class=\"wpb_wrapper\">\n\t\t\t<blockquote><p>\nPro n\u00e1s je VIP \u00farove\u0148 z\u00e1kladem, tak \u017eijeme, tak pracujeme. Nem\u016f\u017eeme v\u00e1m d\u00e1t m\u00e9n\u011b, proto\u017ee pak byste dostali m\u00e9n\u011b, ne\u017e si podle n\u00e1s zaslou\u017e\u00edte.\n<\/p><\/blockquote>\n\n\t\t<\/div>\n\t<\/div>\n\n\t<div class=\"wpb_text_column wpb_content_element row-full\" >\n\t\t<div class=\"wpb_wrapper\">\n\t\t\t<div id='gallery-1' class='gallery galleryid-8384 gallery-columns-3 gallery-size-full'><figure class='gallery-item'>\n\t\t\t<div class='gallery-icon landscape'>\n\t\t\t\t<img loading=\"lazy\" decoding=\"async\" width=\"1602\" height=\"900\" src=\"https:\/\/dominikaneked.hu\/wp-content\/uploads\/2021\/08\/9bfd47343666e2f1217e33440b7a55dc-scaled-e1628406203925.jpeg\" class=\"attachment-full size-full\" alt=\"\" srcset=\"https:\/\/dominikaneked.hu\/wp-content\/uploads\/2021\/08\/9bfd47343666e2f1217e33440b7a55dc-scaled-e1628406203925.jpeg 1602w, https:\/\/dominikaneked.hu\/wp-content\/uploads\/2021\/08\/9bfd47343666e2f1217e33440b7a55dc-scaled-e1628406203925-300x169.jpeg 300w, https:\/\/dominikaneked.hu\/wp-content\/uploads\/2021\/08\/9bfd47343666e2f1217e33440b7a55dc-scaled-e1628406203925-1024x575.jpeg 1024w, https:\/\/dominikaneked.hu\/wp-content\/uploads\/2021\/08\/9bfd47343666e2f1217e33440b7a55dc-scaled-e1628406203925-768x431.jpeg 768w, https:\/\/dominikaneked.hu\/wp-content\/uploads\/2021\/08\/9bfd47343666e2f1217e33440b7a55dc-scaled-e1628406203925-1536x863.jpeg 1536w, https:\/\/dominikaneked.hu\/wp-content\/uploads\/2021\/08\/9bfd47343666e2f1217e33440b7a55dc-scaled-e1628406203925-18x10.jpeg 18w, https:\/\/dominikaneked.hu\/wp-content\/uploads\/2021\/08\/9bfd47343666e2f1217e33440b7a55dc-scaled-e1628406203925-600x337.jpeg 600w\" sizes=\"auto, (max-width: 1602px) 100vw, 1602px\" \/>\n\t\t\t<\/div><\/figure><figure class='gallery-item'>\n\t\t\t<div class='gallery-icon landscape'>\n\t\t\t\t<img loading=\"lazy\" decoding=\"async\" width=\"1600\" height=\"900\" src=\"https:\/\/dominikaneked.hu\/wp-content\/uploads\/2021\/08\/bacardisziget_feherhomokospartja_es_kristalytisztavize.jpeg\" class=\"attachment-full size-full\" alt=\"\" srcset=\"https:\/\/dominikaneked.hu\/wp-content\/uploads\/2021\/08\/bacardisziget_feherhomokospartja_es_kristalytisztavize.jpeg 1600w, https:\/\/dominikaneked.hu\/wp-content\/uploads\/2021\/08\/bacardisziget_feherhomokospartja_es_kristalytisztavize-300x169.jpeg 300w, https:\/\/dominikaneked.hu\/wp-content\/uploads\/2021\/08\/bacardisziget_feherhomokospartja_es_kristalytisztavize-1024x576.jpeg 1024w, https:\/\/dominikaneked.hu\/wp-content\/uploads\/2021\/08\/bacardisziget_feherhomokospartja_es_kristalytisztavize-768x432.jpeg 768w, https:\/\/dominikaneked.hu\/wp-content\/uploads\/2021\/08\/bacardisziget_feherhomokospartja_es_kristalytisztavize-1536x864.jpeg 1536w, https:\/\/dominikaneked.hu\/wp-content\/uploads\/2021\/08\/bacardisziget_feherhomokospartja_es_kristalytisztavize-18x10.jpeg 18w, https:\/\/dominikaneked.hu\/wp-content\/uploads\/2021\/08\/bacardisziget_feherhomokospartja_es_kristalytisztavize-600x338.jpeg 600w\" sizes=\"auto, (max-width: 1600px) 100vw, 1600px\" \/>\n\t\t\t<\/div><\/figure><figure class='gallery-item'>\n\t\t\t<div class='gallery-icon landscape'>\n\t\t\t\t<img loading=\"lazy\" decoding=\"async\" width=\"1600\" height=\"900\" src=\"https:\/\/dominikaneked.hu\/wp-content\/uploads\/2021\/08\/bacardisziget_feherpart_fentrol.jpeg\" class=\"attachment-full size-full\" alt=\"\" srcset=\"https:\/\/dominikaneked.hu\/wp-content\/uploads\/2021\/08\/bacardisziget_feherpart_fentrol.jpeg 1600w, https:\/\/dominikaneked.hu\/wp-content\/uploads\/2021\/08\/bacardisziget_feherpart_fentrol-300x169.jpeg 300w, https:\/\/dominikaneked.hu\/wp-content\/uploads\/2021\/08\/bacardisziget_feherpart_fentrol-1024x576.jpeg 1024w, https:\/\/dominikaneked.hu\/wp-content\/uploads\/2021\/08\/bacardisziget_feherpart_fentrol-768x432.jpeg 768w, https:\/\/dominikaneked.hu\/wp-content\/uploads\/2021\/08\/bacardisziget_feherpart_fentrol-1536x864.jpeg 1536w, https:\/\/dominikaneked.hu\/wp-content\/uploads\/2021\/08\/bacardisziget_feherpart_fentrol-18x10.jpeg 18w, https:\/\/dominikaneked.hu\/wp-content\/uploads\/2021\/08\/bacardisziget_feherpart_fentrol-600x338.jpeg 600w\" sizes=\"auto, (max-width: 1600px) 100vw, 1600px\" \/>\n\t\t\t<\/div><\/figure><figure class='gallery-item'>\n\t\t\t<div class='gallery-icon landscape'>\n\t\t\t\t<img loading=\"lazy\" decoding=\"async\" width=\"1600\" height=\"900\" src=\"https:\/\/dominikaneked.hu\/wp-content\/uploads\/2021\/08\/DSC03398-scaled-e1628406400409.jpg\" class=\"attachment-full size-full\" alt=\"\" srcset=\"https:\/\/dominikaneked.hu\/wp-content\/uploads\/2021\/08\/DSC03398-scaled-e1628406400409.jpg 1600w, https:\/\/dominikaneked.hu\/wp-content\/uploads\/2021\/08\/DSC03398-scaled-e1628406400409-300x169.jpg 300w, https:\/\/dominikaneked.hu\/wp-content\/uploads\/2021\/08\/DSC03398-scaled-e1628406400409-1024x576.jpg 1024w, https:\/\/dominikaneked.hu\/wp-content\/uploads\/2021\/08\/DSC03398-scaled-e1628406400409-768x432.jpg 768w, https:\/\/dominikaneked.hu\/wp-content\/uploads\/2021\/08\/DSC03398-scaled-e1628406400409-1536x864.jpg 1536w, https:\/\/dominikaneked.hu\/wp-content\/uploads\/2021\/08\/DSC03398-scaled-e1628406400409-18x10.jpg 18w, https:\/\/dominikaneked.hu\/wp-content\/uploads\/2021\/08\/DSC03398-scaled-e1628406400409-600x338.jpg 600w\" sizes=\"auto, (max-width: 1600px) 100vw, 1600px\" \/>\n\t\t\t<\/div><\/figure><figure class='gallery-item'>\n\t\t\t<div class='gallery-icon landscape'>\n\t\t\t\t<img loading=\"lazy\" decoding=\"async\" width=\"1600\" height=\"900\" src=\"https:\/\/dominikaneked.hu\/wp-content\/uploads\/2021\/08\/e6d22dd9-742a-4731-b46f-cc948f4b201b-scaled-e1628405971592.jpg\" class=\"attachment-full size-full\" alt=\"\" srcset=\"https:\/\/dominikaneked.hu\/wp-content\/uploads\/2021\/08\/e6d22dd9-742a-4731-b46f-cc948f4b201b-scaled-e1628405971592.jpg 1600w, https:\/\/dominikaneked.hu\/wp-content\/uploads\/2021\/08\/e6d22dd9-742a-4731-b46f-cc948f4b201b-scaled-e1628405971592-300x169.jpg 300w, https:\/\/dominikaneked.hu\/wp-content\/uploads\/2021\/08\/e6d22dd9-742a-4731-b46f-cc948f4b201b-scaled-e1628405971592-1024x576.jpg 1024w, https:\/\/dominikaneked.hu\/wp-content\/uploads\/2021\/08\/e6d22dd9-742a-4731-b46f-cc948f4b201b-scaled-e1628405971592-768x432.jpg 768w, https:\/\/dominikaneked.hu\/wp-content\/uploads\/2021\/08\/e6d22dd9-742a-4731-b46f-cc948f4b201b-scaled-e1628405971592-1536x864.jpg 1536w, https:\/\/dominikaneked.hu\/wp-content\/uploads\/2021\/08\/e6d22dd9-742a-4731-b46f-cc948f4b201b-scaled-e1628405971592-18x10.jpg 18w, https:\/\/dominikaneked.hu\/wp-content\/uploads\/2021\/08\/e6d22dd9-742a-4731-b46f-cc948f4b201b-scaled-e1628405971592-600x338.jpg 600w\" sizes=\"auto, (max-width: 1600px) 100vw, 1600px\" \/>\n\t\t\t<\/div><\/figure><figure class='gallery-item'>\n\t\t\t<div class='gallery-icon landscape'>\n\t\t\t\t<img loading=\"lazy\" decoding=\"async\" width=\"1600\" height=\"900\" src=\"https:\/\/dominikaneked.hu\/wp-content\/uploads\/2021\/08\/las_salina_palmafas_strand.jpeg\" class=\"attachment-full size-full\" alt=\"\" srcset=\"https:\/\/dominikaneked.hu\/wp-content\/uploads\/2021\/08\/las_salina_palmafas_strand.jpeg 1600w, https:\/\/dominikaneked.hu\/wp-content\/uploads\/2021\/08\/las_salina_palmafas_strand-300x169.jpeg 300w, https:\/\/dominikaneked.hu\/wp-content\/uploads\/2021\/08\/las_salina_palmafas_strand-1024x576.jpeg 1024w, https:\/\/dominikaneked.hu\/wp-content\/uploads\/2021\/08\/las_salina_palmafas_strand-768x432.jpeg 768w, https:\/\/dominikaneked.hu\/wp-content\/uploads\/2021\/08\/las_salina_palmafas_strand-1536x864.jpeg 1536w, https:\/\/dominikaneked.hu\/wp-content\/uploads\/2021\/08\/las_salina_palmafas_strand-18x10.jpeg 18w, https:\/\/dominikaneked.hu\/wp-content\/uploads\/2021\/08\/las_salina_palmafas_strand-600x338.jpeg 600w\" sizes=\"auto, (max-width: 1600px) 100vw, 1600px\" \/>\n\t\t\t<\/div><\/figure>\n\t\t<\/div>\n\n\n\t\t<\/div>\n\t<\/div>\n\n\t<div class=\"wpb_text_column wpb_content_element text-center col-sm-12 col-lg-10 offset-lg-1\" >\n\t\t<div class=\"wpb_wrapper\">\n\t\t\t<h2 class=\"heading\"><em>Co je to <\/em> <strong class=\"animate animate-moveleft\">VIP kvalita?<\/strong><\/h2>\n<div class=\"subtitle\">Dominik\u00e1nsk\u00e1 republika je pro n\u00e1s tak\u00e9 domovem, tak\u017ee na\u0161e znalosti o tomto m\u00edst\u011b jsou bezkonkuren\u010dn\u00ed. Neexistuje situace, kterou bychom nezvl\u00e1dli s dr\u017een\u00edm palc\u016f.<\/div>\n<p>Kdy\u017e s n\u00e1mi str\u00e1v\u00edte dovolenou, poc\u00edt\u00edte to tak\u00e9: na\u0161im klient\u016fm d\u00e1v\u00e1me to, co d\u00e1v\u00e1me na\u0161im dominik\u00e1nsk\u00fdm \u017eivot\u016fm. D\u00e1v\u00e1me v\u00e1m to, co je n\u00e1\u0161 \u017eivot. \u017d\u00e1dn\u00e1 o\u0161unt\u011bl\u00e1 vozidla, \u017e\u00e1dn\u00fd znud\u011bn\u00fd person\u00e1l, \u017e\u00e1dn\u00e1 zpo\u017ed\u011bn\u00ed, \u017e\u00e1dn\u00e9 fronty, \u017e\u00e1dn\u00e9 tla\u010den\u00ed, \u017e\u00e1dn\u00e9 zapad\u00e1n\u00ed, \u017e\u00e1dn\u00fd pocit, \u017ee dost\u00e1v\u00e1te to sam\u00e9 jako doma, ale za majlant...<\/p>\n\n\t\t<\/div>\n\t<\/div>\n<div class=\"vc_row wpb_row vc_inner vc_row-fluid row text-center py-5\"><div class=\"col-md-3 animate animate-fadein wpb_column vc_column_container vc_col-sm-3\"><div class=\"vc_column-inner\"><div class=\"wpb_wrapper\">\n\t<div class=\"wpb_text_column wpb_content_element\" >\n\t\t<div class=\"wpb_wrapper\">\n\t\t\t<h3 class=\"heading\"><em>Vynikaj\u00edc\u00ed<\/em> <strong>Hodnocen\u00ed<\/strong><\/h3>\n<p>M\u00e1me v\u0161echny licence a certifikace v Dominik\u00e1nsk\u00e9 republice, v\u010detn\u011b m\u00edstn\u00edho ministerstva cestovn\u00edho ruchu!<\/p>\n\n\t\t<\/div>\n\t<\/div>\n<\/div><\/div><\/div><div class=\"col-md-3 animate animate-fadein wpb_column vc_column_container vc_col-sm-3\"><div class=\"vc_column-inner\"><div class=\"wpb_wrapper\">\n\t<div class=\"wpb_text_column wpb_content_element\" >\n\t\t<div class=\"wpb_wrapper\">\n\t\t\t<h3 class=\"heading\"><em>Premium<\/em> <strong>slu\u017eba<\/strong><\/h3>\n<p>V\u0161echny na\u0161e rezervace a cestuj\u00edc\u00ed jsou poji\u0161t\u011bni na nadstandardn\u00ed \u00farovni, certifik\u00e1ty jsou k dispozici na na\u0161ich webov\u00fdch str\u00e1nk\u00e1ch.<\/p>\n\n\t\t<\/div>\n\t<\/div>\n<\/div><\/div><\/div><div class=\"col-md-3 animate animate-fadein wpb_column vc_column_container vc_col-sm-3\"><div class=\"vc_column-inner\"><div class=\"wpb_wrapper\">\n\t<div class=\"wpb_text_column wpb_content_element\" >\n\t\t<div class=\"wpb_wrapper\">\n\t\t\t<h3 class=\"heading\"><em>24\/7<\/em> <strong>slu\u017eby z\u00e1kazn\u00edk\u016fm<\/strong><\/h3>\n<p>Jsme v\u00e1m k dispozici 24 hodin denn\u011b a m\u00e1me ma\u010farsky mluv\u00edc\u00ed kolegy. Nic nen\u00ed nemo\u017en\u00e9 ani v noci.<\/p>\n\n\t\t<\/div>\n\t<\/div>\n<\/div><\/div><\/div><div class=\"col-md-3 animate animate-fadein wpb_column vc_column_container vc_col-sm-3\"><div class=\"vc_column-inner\"><div class=\"wpb_wrapper\">\n\t<div class=\"wpb_text_column wpb_content_element\" >\n\t\t<div class=\"wpb_wrapper\">\n\t\t\t<h3 class=\"heading\"><em>Vysoko\u0161kolsk\u00e9 vzd\u011bl\u00e1v\u00e1n\u00ed<\/em> <strong>Kvalita<\/strong><\/h3>\n<p>Dominik\u00e1nsk\u00e1 republika je tak\u00e9 na\u0161\u00edm domovem, tak\u017ee na\u0161e znalosti o tomto m\u00edst\u011b nemaj\u00ed konkurenci. Neexistuje situace, kterou bychom nedok\u00e1zali vy\u0159e\u0161it na po\u010dk\u00e1n\u00ed.<\/p>\n\n\t\t<\/div>\n\t<\/div>\n<\/div><\/div><\/div><\/div><\/div><\/div><\/div><\/div><div class=\"vc_row wpb_row vc_row-fluid\"><div class=\"wpb_column vc_column_container vc_col-sm-12\"><div class=\"vc_column-inner\"><div class=\"wpb_wrapper\">\n\t<div class=\"wpb_text_column wpb_content_element text-center col-sm-12 col-lg-10 offset-lg-1\" >\n\t\t<div class=\"wpb_wrapper\">\n\t\t\t<h2 class=\"heading\"><em>D\u016fle\u017eit\u00fd aspekt<\/em> <strong>zabezpe\u010den\u00ed?<\/strong><\/h2>\n<div class=\"subtitle\">\n<p>Star\u00e1me se o v\u00e1s!<\/p>\n<p>Jen m\u00e1lo cestovatel\u016f si uv\u011bdomuje, \u017ee se p\u0159i cest\u011b do ciz\u00edch zem\u00ed ocitaj\u00ed v nejzraniteln\u011bj\u0161\u00ed pozici sv\u00e9ho \u017eivota. Je tu tolik podn\u011bt\u016f, pohled\u016f a z\u00e1\u017eitk\u016f, \u017ee rutina, na kterou jste zvykl\u00ed z ka\u017edodenn\u00edho \u017eivota, nefunguje: nem\u016f\u017eete se soust\u0159edit na sebe, sv\u00e1 zavazadla nebo sv\u00e9 bl\u00edzk\u00e9 tak, jak byste to d\u011blali ve zn\u00e1m\u00e9m prost\u0159ed\u00ed, proto\u017ee v\u00e1\u0161 nervov\u00fd syst\u00e9m je p\u0159et\u00ed\u017een\u00fd.<\/p>\n<\/div>\n\n\t\t<\/div>\n\t<\/div>\n<\/div><\/div><\/div><\/div>\n<\/div>","protected":false},"excerpt":{"rendered":"<p>Dominik\u00e1nsk\u00e1 republika je pro n\u00e1s tak\u00e9 domovem, tak\u017ee na\u0161e znalosti o tomto m\u00edst\u011b jsou bezkonkuren\u010dn\u00ed. Neexistuje situace, kterou bychom nezvl\u00e1dli s dr\u017een\u00edm palc\u016f.<\/p>","protected":false},"author":12,"featured_media":0,"parent":0,"menu_order":8,"comment_status":"closed","ping_status":"closed","template":"","meta":{"_seopress_robots_primary_cat":"","_seopress_titles_title":"Go Dominican Vacations, a Dominikai K\u00f6zt\u00e1rsas\u00e1g specialista","_seopress_titles_desc":"","_seopress_robots_index":"","footnotes":""},"class_list":["post-8384","page","type-page","status-publish","hentry"],"_links":{"self":[{"href":"https:\/\/dominikaneked.hu\/cs\/wp-json\/wp\/v2\/pages\/8384","targetHints":{"allow":["GET"]}}],"collection":[{"href":"https:\/\/dominikaneked.hu\/cs\/wp-json\/wp\/v2\/pages"}],"about":[{"href":"https:\/\/dominikaneked.hu\/cs\/wp-json\/wp\/v2\/types\/page"}],"author":[{"embeddable":true,"href":"https:\/\/dominikaneked.hu\/cs\/wp-json\/wp\/v2\/users\/12"}],"replies":[{"embeddable":true,"href":"https:\/\/dominikaneked.hu\/cs\/wp-json\/wp\/v2\/comments?post=8384"}],"version-history":[{"count":1,"href":"https:\/\/dominikaneked.hu\/cs\/wp-json\/wp\/v2\/pages\/8384\/revisions"}],"predecessor-version":[{"id":12012,"href":"https:\/\/dominikaneked.hu\/cs\/wp-json\/wp\/v2\/pages\/8384\/revisions\/12012"}],"wp:attachment":[{"href":"https:\/\/dominikaneked.hu\/cs\/wp-json\/wp\/v2\/media?parent=8384"}],"curies":[{"name":"wp","href":"https:\/\/api.w.org\/{rel}","templated":true}]}}