{"id":13147,"date":"2023-12-04T02:17:25","date_gmt":"2023-12-04T06:17:25","guid":{"rendered":"https:\/\/godominicanvacations.com\/enquiry-cart\/"},"modified":"2023-12-04T02:17:25","modified_gmt":"2023-12-04T06:17:25","slug":"enquiry-cart","status":"publish","type":"page","link":"https:\/\/dominikaneked.hu\/cs\/enquiry-cart\/","title":{"rendered":"Popt\u00e1vkov\u00fd ko\u0161\u00edk"},"content":{"rendered":"<p>[piss_enquiry_cart]<\/p>","protected":false},"excerpt":{"rendered":"<p>[piss_enquiry_cart]<\/p>","protected":false},"author":12,"featured_media":0,"parent":0,"menu_order":1,"comment_status":"closed","ping_status":"closed","template":"","meta":{"_seopress_robots_primary_cat":"","_seopress_titles_title":"","_seopress_titles_desc":"","_seopress_robots_index":"","footnotes":""},"class_list":["post-13147","page","type-page","status-publish","hentry"],"_links":{"self":[{"href":"https:\/\/dominikaneked.hu\/cs\/wp-json\/wp\/v2\/pages\/13147","targetHints":{"allow":["GET"]}}],"collection":[{"href":"https:\/\/dominikaneked.hu\/cs\/wp-json\/wp\/v2\/pages"}],"about":[{"href":"https:\/\/dominikaneked.hu\/cs\/wp-json\/wp\/v2\/types\/page"}],"author":[{"embeddable":true,"href":"https:\/\/dominikaneked.hu\/cs\/wp-json\/wp\/v2\/users\/12"}],"replies":[{"embeddable":true,"href":"https:\/\/dominikaneked.hu\/cs\/wp-json\/wp\/v2\/comments?post=13147"}],"version-history":[{"count":0,"href":"https:\/\/dominikaneked.hu\/cs\/wp-json\/wp\/v2\/pages\/13147\/revisions"}],"wp:attachment":[{"href":"https:\/\/dominikaneked.hu\/cs\/wp-json\/wp\/v2\/media?parent=13147"}],"curies":[{"name":"wp","href":"https:\/\/api.w.org\/{rel}","templated":true}]}}